{"id":104,"date":"2016-05-03T09:48:24","date_gmt":"2016-05-03T07:48:24","guid":{"rendered":"http:\/\/doc.francesource.org\/de\/?page_id=104"},"modified":"2017-07-06T16:43:47","modified_gmt":"2017-07-06T14:43:47","slug":"ekgwb","status":"publish","type":"page","link":"http:\/\/doc.francesource.org\/de\/ekgwb","title":{"rendered":"Digitale Kritische Gesamtausgabe von Nietzsches Werken und Briefen (eKGWB)"},"content":{"rendered":"<p>Die <em>Digitale Kritische Gesamtausgabe Werke und Briefe<\/em> (<a href=\"http:\/\/www.nietzschesource.org\/eKGWB\/\" target=\"_blank\">eKGWB<\/a>) ist die digitale Fassung der deutschen Referenzausgabe der Werke, nachgelassenen Fragmente und Korrespondenz Nietzsches, herausgegeben von Giorgio Colli und Mazzino Montinari (Friedrich Nietzsche, Werke. Kritische Gesamtausgabe, Berlin\/New York, de Gruyter, 1967\u2013 und Nietzsche Briefwechsel. Kritische Gesamtausgabe, Berlin\/New York, de Gruyter, 1975\u2013). Die eKGWB wird von Paolo D&#8217;Iorio herausgegeben und von Nietzsche Source publiziert.<\/p>\n<p>Die Textqualit\u00e4t der eKGWB ist das Ergebnis einer akribischen Textkollation. Philologen haben jedes Wort des digitalisierten Textes mit der Printausgabe verglichen. Dar\u00fcber hinaus sind nun alle bisher in den kritischen Apparaten der verschiedenen Kommentarb\u00e4nden der Druckausgabe verstreuten, ca. <a href=\"http:\/\/doc.francesource.org\/de\/berichtigungen\" target=\"_blank\">6.600 philologischen Berichtigungen<\/a> direkt in den elektronischen Text integriert worden. Alle berichtigten Passagen erscheinen farblich hervorgehoben, mit einem Mausklick wechselt die Ansicht zur fr\u00fcheren, unkorrigierten Fassung der Textb\u00e4nde der Druckausgabe.<\/p>\n<p>Das eKGWB-Interface erlaubt es dem Leser mit Leichtigkeit Texte nachzuschlagen, sie zu zitieren und Textabschnitte zu kopieren. Er kann den gesamten Textkorpus oder einzelne ausgew\u00e4hlte Teilbereiche nach W\u00f6rtern und S\u00e4tzen durchsuchen und sich die ausgegebenen Textpassagen oder Okkurenzlisten ausdrucken.<\/p>\n<p>Die eKGWB ist in <a href=\"http:\/\/www.tei-c.org\/\" target=\"_blank\">XML-TEI<\/a> kodiert, um die Interoperabilit\u00e4t mit anderen Textarchiven zu gew\u00e4hrleisten. Die Edition basiert auf einem besonderen digitalen Klassifikationssystem, welches jedem Werk, Kapitel, Aphorismus oder Fragment eine eigene stabile Internetadresse zuweist. Die Siglen, die in diesen Internetadressen (URLs) benutzt werden, entsprechen den Standardabk\u00fcrzungen der Colli\/Montinari Druckausgabe. Hierdurch wird Einvernehmlichkeit zwischen der Papierwelt und der Welt digitaler Ressourcen gesichert. So kann etwa der erste Abschnitt von Der Antichrist unter folgender Adresse aufgerufen werden:\u00a0<a href=\"http:\/\/www.nietzschesource.org\/eKGWB\/AC-1\" target=\"_blank\">www.nietzschesource.org\/eKGWB\/AC-1<\/a>. Der Einsatz eineindeutiger und stabiler URLs in Verbindung mit den konventionellen Sigla macht die eKGWB zu einer zuverl\u00e4ssigen und voll zitierf\u00e4higen wissenschaftlichen Quelle f\u00fcr die akademische Forschung.<\/p>\n","protected":false},"excerpt":{"rendered":"<p>Die Digitale Kritische Gesamtausgabe Werke und Briefe (eKGWB) ist die digitale Fassung der deutschen Referenzausgabe der Werke, nachgelassenen Fragmente und Korrespondenz Nietzsches, herausgegeben von Giorgio Colli und Mazzino Montinari (Friedrich Nietzsche, Werke. Kritische Gesamtausgabe, Berlin\/New York, de Gruyter, 1967\u2013 und Nietzsche Briefwechsel. Kritische Gesamtausgabe, Berlin\/New York, de Gruyter, 1975\u2013). Die eKGWB wird von Paolo D&#8217;Iorio &hellip; <a href=\"http:\/\/doc.francesource.org\/de\/ekgwb\" class=\"more-link\">Continue reading<span class=\"screen-reader-text\"> &#8220;Digitale Kritische Gesamtausgabe von Nietzsches Werken und Briefen (eKGWB)&#8221;<\/span><\/a><\/p>\n","protected":false},"author":1,"featured_media":0,"parent":0,"menu_order":0,"comment_status":"closed","ping_status":"closed","template":"","meta":[],"_links":{"self":[{"href":"http:\/\/doc.francesource.org\/de\/wp-json\/wp\/v2\/pages\/104"}],"collection":[{"href":"http:\/\/doc.francesource.org\/de\/wp-json\/wp\/v2\/pages"}],"about":[{"href":"http:\/\/doc.francesource.org\/de\/wp-json\/wp\/v2\/types\/page"}],"author":[{"embeddable":true,"href":"http:\/\/doc.francesource.org\/de\/wp-json\/wp\/v2\/users\/1"}],"replies":[{"embeddable":true,"href":"http:\/\/doc.francesource.org\/de\/wp-json\/wp\/v2\/comments?post=104"}],"version-history":[{"count":5,"href":"http:\/\/doc.francesource.org\/de\/wp-json\/wp\/v2\/pages\/104\/revisions"}],"predecessor-version":[{"id":248,"href":"http:\/\/doc.francesource.org\/de\/wp-json\/wp\/v2\/pages\/104\/revisions\/248"}],"wp:attachment":[{"href":"http:\/\/doc.francesource.org\/de\/wp-json\/wp\/v2\/media?parent=104"}],"curies":[{"name":"wp","href":"https:\/\/api.w.org\/{rel}","templated":true}]}}