{"id":112,"date":"2016-05-03T09:51:10","date_gmt":"2016-05-03T07:51:10","guid":{"rendered":"http:\/\/doc.francesource.org\/de\/?page_id=112"},"modified":"2018-06-13T16:59:18","modified_gmt":"2018-06-13T14:59:18","slug":"dfga","status":"publish","type":"page","link":"http:\/\/doc.francesource.org\/de\/dfga","title":{"rendered":"Digitale Faksimile-Gesamtausgabe Nietzsches (DFGA)"},"content":{"rendered":"<p>Die <em>Digitale Faksimile-Gesamtausgabe<\/em> (<a href=\"http:\/\/www.nietzschesource.org\/DFGA\" target=\"_blank\">DFGA<\/a>), herausgegeben von Paolo D\u2019Iorio und publiziert von Nietzsche Source, wird zum ersten Mal eine digitale Reproduktion des gesamten Nietzschenachlasses (Erstausgaben der Werke, Manuskripte, Briefe und biographische Dokumente) verf\u00fcgbar machen. Diese Texte stellen die Prim\u00e4rquellen f\u00fcr die Untersuchung von Nietzsches Leben und Werk, sowie f\u00fcr die Interpretation seiner Philosophie dar. Die Faksimileausgabe wird es Forschern zum Beispiel erm\u00f6glichen, die unterschiedlichen Textausgaben, die ja die Basis einer jeden weiterf\u00fchrenden philosophischen Interpretation sind, auf ihre Echtheit zu pr\u00fcfen. Wenn Nietzsches Manuskripte frei zug\u00e4nglich gewesen w\u00e4ren, so w\u00e4re es etwa nicht m\u00f6glich gewesen, \u201eDer Wille zur Macht\u201c zusammenzustellen, ein Buch, das Nietzsche nie geschrieben hatte. Die DFGA gibt Forschern dar\u00fcber hinaus die M\u00f6glichkeit zu neuen Forschungsprojekten, wie, beispielsweise, eine Rekonstruktion der Entstehungsgeschichte von Nietzsches Werken, oder eine Analyse der Entwicklung seines philosophischen Denkens anhand seiner Notizb\u00fccher (auch bekannt als \u201egenetic critisism\u201c).<\/p>\n<p>Den Lesern werden hochaufl\u00f6sende, farbige Faksimiles an die Hand gegeben, die sie durchsuchen, vergr\u00f6\u00dfern, ausdrucken und herunterladen k\u00f6nnen. Hierbei basiert die DFGA auf einem exakten digitalen Klassifizierungssystem, welches jede Einzelseite mit einer eindeutigen und stabilen Internetadresse bezeichnet. Bei der Erstellung dieses Klassifizierungssystem war es Ziel der DFGA, ein H\u00f6chstma\u00df an Kompatibilit\u00e4t mit der kritischen Standardausgabe sowie mit bereits existierendem Forschungsmaterial zu erzielen. Deswegen haben wir keine neue Klassifizierung vorgenommen, sondern beziehen uns auf die am h\u00e4ufigsten verwendete Klassifizierung von Hans Joachim Mette aus dem Jahr 1933. Die DFGA vervollst\u00e4ndigt die Mette Klassifizierung: sie berichtigt Irrt\u00fcmer und f\u00fcllt Nummerierungsl\u00fccken aus. Die in den URLs benutzten Siglen korrespondieren mit Mettes Abk\u00fcrzungen, jeweils gefolgt von Seitenzahlen. So kann, zum Beispiel, die Seite 194 des Manuskriptes M II 1 unter folgender Adresse aufgerufen werden: <a href=\"http:\/\/www.nietzschesource.org\/DFGA\/M-II-1,194\" target=\"_blank\">www.nietzschesource.org\/DFGA\/M-II-1,194<\/a>.<a href=\"http:\/\/www.nietzschesource.org\/facsimiles\/DFGA\/M-II-1,194\" target=\"_blank\"><br \/>\n<\/a><\/p>\n<p>Hierdurch wird die DFGA eine der ersten f\u00fcr die akademische Zitation und Bezugnahme vollwertig und einfach nutzbare elektronische Ausgabe. In Zukunft wird eine Konkordanz die Kompatibilit\u00e4t mit allen fr\u00fcheren Klassifizierungen von Nietzsches Manuskripten herstellen wie auch mit der kritischen Standardausgabe.\u00a0 Das Ergebnis wird ein exaktes Auffinden der Manuskriptseiten sein, die in der Colli-Montinari-Ausgabe als \u201eNachgelassene Fragmente\u201c klassifiziert wurden.<\/p>\n","protected":false},"excerpt":{"rendered":"<p>Die Digitale Faksimile-Gesamtausgabe (DFGA), herausgegeben von Paolo D\u2019Iorio und publiziert von Nietzsche Source, wird zum ersten Mal eine digitale Reproduktion des gesamten Nietzschenachlasses (Erstausgaben der Werke, Manuskripte, Briefe und biographische Dokumente) verf\u00fcgbar machen. Diese Texte stellen die Prim\u00e4rquellen f\u00fcr die Untersuchung von Nietzsches Leben und Werk, sowie f\u00fcr die Interpretation seiner Philosophie dar. Die Faksimileausgabe &hellip; <a href=\"http:\/\/doc.francesource.org\/de\/dfga\" class=\"more-link\">Continue reading<span class=\"screen-reader-text\"> &#8220;Digitale Faksimile-Gesamtausgabe Nietzsches (DFGA)&#8221;<\/span><\/a><\/p>\n","protected":false},"author":1,"featured_media":0,"parent":0,"menu_order":0,"comment_status":"closed","ping_status":"closed","template":"","meta":[],"_links":{"self":[{"href":"http:\/\/doc.francesource.org\/de\/wp-json\/wp\/v2\/pages\/112"}],"collection":[{"href":"http:\/\/doc.francesource.org\/de\/wp-json\/wp\/v2\/pages"}],"about":[{"href":"http:\/\/doc.francesource.org\/de\/wp-json\/wp\/v2\/types\/page"}],"author":[{"embeddable":true,"href":"http:\/\/doc.francesource.org\/de\/wp-json\/wp\/v2\/users\/1"}],"replies":[{"embeddable":true,"href":"http:\/\/doc.francesource.org\/de\/wp-json\/wp\/v2\/comments?post=112"}],"version-history":[{"count":5,"href":"http:\/\/doc.francesource.org\/de\/wp-json\/wp\/v2\/pages\/112\/revisions"}],"predecessor-version":[{"id":303,"href":"http:\/\/doc.francesource.org\/de\/wp-json\/wp\/v2\/pages\/112\/revisions\/303"}],"wp:attachment":[{"href":"http:\/\/doc.francesource.org\/de\/wp-json\/wp\/v2\/media?parent=112"}],"curies":[{"name":"wp","href":"https:\/\/api.w.org\/{rel}","templated":true}]}}