{"id":116,"date":"2016-05-03T09:57:22","date_gmt":"2016-05-03T07:57:22","guid":{"rendered":"http:\/\/doc.francesource.org\/de\/?page_id=116"},"modified":"2017-07-06T16:59:53","modified_gmt":"2017-07-06T14:59:53","slug":"ausgaben","status":"publish","type":"page","link":"http:\/\/doc.francesource.org\/de\/ausgaben","title":{"rendered":"Ausgaben"},"content":{"rendered":"<p>Nietzsche Source publiziert grundlegende und verl\u00e4ssliche wissenschaftliche Ausgaben und \u00dcbersetzungen von Nietzsches Werken und Nietzsches Nachlass.<\/p>\n<p>Gegenw\u00e4rtig werden zwei Ausgaben in Nietzsche Source publiziert: Die <a href=\"http:\/\/doc.francesource.org\/de\/dfga\" target=\"_blank\">Faksimile Ausgabe<\/a> des Nachlasses und die elektronische Fassung der ma\u00dfgeblichen\u00a0<a href=\"http:\/\/doc.francesource.org\/de\/ekgwb\" target=\"_blank\">kritischen Ausgabe<\/a>.<\/p>\n<p>Die genetischen Ausgaben von den zwei Werken Nietzsches <em>Der Wanderer und sein Schatten<\/em> sowie <em>Morgenr\u00f6the<\/em>, zusammen mit der Reproduktion aller diesbez\u00fcglichen Manuskripte, befinden sich in Vorbereitung.<\/p>\n<p>Sollten Sie auf Fehler in den Ausgaben sto\u00dfen, z\u00f6gern Sie bitte nicht, mit uns in <a href=\"http:\/\/doc.francesource.org\/de\/kontakt\" target=\"_blank\">Kontakt<\/a> zu treten.<\/p>\n","protected":false},"excerpt":{"rendered":"<p>Nietzsche Source publiziert grundlegende und verl\u00e4ssliche wissenschaftliche Ausgaben und \u00dcbersetzungen von Nietzsches Werken und Nietzsches Nachlass. Gegenw\u00e4rtig werden zwei Ausgaben in Nietzsche Source publiziert: Die Faksimile Ausgabe des Nachlasses und die elektronische Fassung der ma\u00dfgeblichen\u00a0kritischen Ausgabe. Die genetischen Ausgaben von den zwei Werken Nietzsches Der Wanderer und sein Schatten sowie Morgenr\u00f6the, zusammen mit der Reproduktion &hellip; <a href=\"http:\/\/doc.francesource.org\/de\/ausgaben\" class=\"more-link\">Continue reading<span class=\"screen-reader-text\"> &#8220;Ausgaben&#8221;<\/span><\/a><\/p>\n","protected":false},"author":1,"featured_media":0,"parent":0,"menu_order":0,"comment_status":"closed","ping_status":"closed","template":"","meta":[],"_links":{"self":[{"href":"http:\/\/doc.francesource.org\/de\/wp-json\/wp\/v2\/pages\/116"}],"collection":[{"href":"http:\/\/doc.francesource.org\/de\/wp-json\/wp\/v2\/pages"}],"about":[{"href":"http:\/\/doc.francesource.org\/de\/wp-json\/wp\/v2\/types\/page"}],"author":[{"embeddable":true,"href":"http:\/\/doc.francesource.org\/de\/wp-json\/wp\/v2\/users\/1"}],"replies":[{"embeddable":true,"href":"http:\/\/doc.francesource.org\/de\/wp-json\/wp\/v2\/comments?post=116"}],"version-history":[{"count":4,"href":"http:\/\/doc.francesource.org\/de\/wp-json\/wp\/v2\/pages\/116\/revisions"}],"predecessor-version":[{"id":263,"href":"http:\/\/doc.francesource.org\/de\/wp-json\/wp\/v2\/pages\/116\/revisions\/263"}],"wp:attachment":[{"href":"http:\/\/doc.francesource.org\/de\/wp-json\/wp\/v2\/media?parent=116"}],"curies":[{"name":"wp","href":"https:\/\/api.w.org\/{rel}","templated":true}]}}