{"id":143,"date":"2016-05-03T10:03:20","date_gmt":"2016-05-03T08:03:20","guid":{"rendered":"http:\/\/doc.francesource.org\/de\/?page_id=143"},"modified":"2018-02-11T22:17:15","modified_gmt":"2018-02-11T21:17:15","slug":"rechte","status":"publish","type":"page","link":"http:\/\/doc.francesource.org\/de\/rechte","title":{"rendered":"Rechte"},"content":{"rendered":"<p>Nietzsche Source unterst\u00fctzt die \u201efully open access policy\u201c. Die Leser werden ermutigt, das zur Verf\u00fcgung gestellte Material frei zu lesen, herunterzuladen und gemeinsam mit anderen nutzen. So kann ein Nietzscheenthusiast das gesamte Material auf seiner Festplatte speichern, ein Forscher kann es in einer seiner Ver\u00f6ffentlichungen zitieren und ein Lehrer kann Anthologien zusammenstellen und diese an seine Studenten oder Sch\u00fcler in digitaler oder gedruckter Form verteilen.<\/p>\n<p>Wird das Material verbreitet oder wiederverwendet, so muss in jedem Fall auf eine f\u00fcr die Zitation von Onlinever\u00f6ffentlichungen \u00fcbliche Art und Weise auf die Quelle hingewiesen werden. Die Zitation muss immer die korrekte URL des zitierten Textes beinhalten.<\/p>\n<p>Materialen von Nietzsche Source d\u00fcrfen in keiner Weise oder Form f\u00fcr kommerzielle Zwecke verwendet werden. Das hei\u00dft, das Verbreiten oder Publizieren jeglicher Inhalte von Nietzsche Source zur Erzielung eines finanziellen Gewinns ist untersagt. Wenn sie dies dennoch w\u00fcnschen, so m\u00fcssen sie zuerst die Rechteinhaber um eine Genehmigung ersuchen. F\u00fcr weitere Informationen nehmen sie bitte mit Nietzsche Source direkt Kontakt auf.<\/p>\n<p>Alle in Nietzsche Source publizierten Inhalte sind ver\u00f6ffentlicht unter der Creative Commons Public License &#8220;Namensnennung, Nicht kommerziell, Keine Bearbeitungen&#8221;, version 4.0 (<a href=\"http:\/\/creativecommons.org\/licenses\/by-nc-nd\/4.0\/deed.de\" target=\"_blank\">CCPL BY-NC-ND<\/a>).<\/p>\n<p><em>Aus folgenden Gr\u00fcnden kann Nietzsche Source die freie Nutzbarkeit seiner Ausgaben garantieren:<\/em><\/p>\n<p>Die Faksimileausgabe (<a href=\"http:\/\/doc.francesource.org\/de\/dfga\" target=\"_blank\">DFGA<\/a>) wurde m\u00f6glich durch eine \u00dcbereinkunft zwischen der Klassik Stifung Weimar und der franz\u00f6sischen non-profit Organisation<em>Association HyperNietzsche<\/em> an der <em>\u00c9cole normale sup\u00e9rieure <\/em>in Paris. Diese \u00dcbereinkunft erlaubt die freie Internetpublikation der Weimarer Nietzschebest\u00e4nde und auch auch davon abgeleitete Arbeiten, wenn diese nichtkommerziell verbreitet werden.<\/p>\n<p>Die kritische Ausgabe (<a href=\"http:\/\/doc.francesource.org\/de\/ekgwb\" target=\"_blank\">eKGWB<\/a>) macht den Text der ma\u00dfgeblichen kritischen Ausgabe, heraugegeben von Colli und Montinari, in digitaler Form nutzbar: Nietzsche Werke. Kritische Gesamtausgabe, Berlin\/New York, de Gruyter, 1967- und Nietzsche Briefwechsel. Kritische Gesamtausgabe, Berlin\/New York, de Gruyter, 1975-). Nach <a href=\"http:\/\/bundesrecht.juris.de\/urhg\/__70.html\" target=\"_blank\">\u00a7 70 des deutschen Urheberrechtes<\/a> erlischt das Urheberrecht auf wissenschaftliche Ausgaben 25 Jahre nach der Publikation.<\/p>\n","protected":false},"excerpt":{"rendered":"<p>Nietzsche Source unterst\u00fctzt die \u201efully open access policy\u201c. Die Leser werden ermutigt, das zur Verf\u00fcgung gestellte Material frei zu lesen, herunterzuladen und gemeinsam mit anderen nutzen. So kann ein Nietzscheenthusiast das gesamte Material auf seiner Festplatte speichern, ein Forscher kann es in einer seiner Ver\u00f6ffentlichungen zitieren und ein Lehrer kann Anthologien zusammenstellen und diese an &hellip; <a href=\"http:\/\/doc.francesource.org\/de\/rechte\" class=\"more-link\">Continue reading<span class=\"screen-reader-text\"> &#8220;Rechte&#8221;<\/span><\/a><\/p>\n","protected":false},"author":1,"featured_media":0,"parent":0,"menu_order":0,"comment_status":"closed","ping_status":"closed","template":"","meta":[],"_links":{"self":[{"href":"http:\/\/doc.francesource.org\/de\/wp-json\/wp\/v2\/pages\/143"}],"collection":[{"href":"http:\/\/doc.francesource.org\/de\/wp-json\/wp\/v2\/pages"}],"about":[{"href":"http:\/\/doc.francesource.org\/de\/wp-json\/wp\/v2\/types\/page"}],"author":[{"embeddable":true,"href":"http:\/\/doc.francesource.org\/de\/wp-json\/wp\/v2\/users\/1"}],"replies":[{"embeddable":true,"href":"http:\/\/doc.francesource.org\/de\/wp-json\/wp\/v2\/comments?post=143"}],"version-history":[{"count":4,"href":"http:\/\/doc.francesource.org\/de\/wp-json\/wp\/v2\/pages\/143\/revisions"}],"predecessor-version":[{"id":292,"href":"http:\/\/doc.francesource.org\/de\/wp-json\/wp\/v2\/pages\/143\/revisions\/292"}],"wp:attachment":[{"href":"http:\/\/doc.francesource.org\/de\/wp-json\/wp\/v2\/media?parent=143"}],"curies":[{"name":"wp","href":"https:\/\/api.w.org\/{rel}","templated":true}]}}