{"id":52,"date":"2016-05-03T09:30:08","date_gmt":"2016-05-03T07:30:08","guid":{"rendered":"http:\/\/doc.francesource.org\/de\/?page_id=52"},"modified":"2022-12-05T12:07:45","modified_gmt":"2022-12-05T11:07:45","slug":"institutionen","status":"publish","type":"page","link":"http:\/\/doc.francesource.org\/de\/institutionen","title":{"rendered":"Institutionen und F\u00f6rderer"},"content":{"rendered":"<p><strong>Nietzsche Source wurde unterst\u00fctzt von den folgenden Institutionen:<\/strong><\/p>\n<p><a href=\"http:\/\/www.cnrs.fr\/\" target=\"_blank\" rel=\"noopener noreferrer\"><img loading=\"lazy\" class=\"alignleft wp-image-167 size-full\" src=\"http:\/\/doc.francesource.org\/wp-content\/uploads\/2016\/05\/cnrs.png\" alt=\"cnrs\" width=\"110\" height=\"58\" \/><\/a>Das <a href=\"http:\/\/www.cnrs.fr\/\" target=\"_blank\" rel=\"noopener noreferrer\">Centre National de la Recherche Scientifique<\/a> hat Nietzsche Source seit 1999 am <a href=\"http:\/\/www.item.ens.fr\/\" target=\"_blank\" rel=\"noopener noreferrer\">Institut des Textes et Manuscrits Modernes<\/a>, CNRS-ENS, Paris und von 2008 bis 2011 am <a href=\"http:\/\/www.mfo.ac.uk\/\" target=\"_blank\" rel=\"noopener noreferrer\">Maison Fran\u00e7aise d\u2019Oxford<\/a> mit Personal, R\u00e4umen und anderen Einrichtungen unterst\u00fctzt. Au\u00dferdem f\u00f6rderte das CNRS Nietzsche Source durch zwei spezifische Zusch\u00fcsse aus dem Programm \u201eAides \u00e0 Projet Nouveau\u201c (2000, Prof. Dr. Paolo D&#8217;Iorio, Direktor) und GIS Sciences de la cognition (1998-1999, Paolo D&#8217;Iorio and Bill Turner, Direktoren) sowie, ganz zu Beginn, innerhalb seines thematischen Programms \u201eArchives de la cr\u00e9ation\u201c (1998-1999, Daniel Ferrer, Direktor).<\/p>\n<p><a href=\"http:\/\/www.discovery-project.eu\/home.html\" target=\"_blank\" rel=\"noopener noreferrer\"><img loading=\"lazy\" class=\"alignleft wp-image-166 size-full\" src=\"http:\/\/doc.francesource.org\/wp-content\/uploads\/2016\/05\/EU.png\" alt=\"EU\" width=\"110\" height=\"58\" \/><\/a>Die Europ\u00e4ische Kommission f\u00f6rderte im Rahmen des eContentplus Programms das von sechs Partnerinstitutionen gebildete, von Prof. Dr. Paolo D&#8217;Iorio koordinierte <a href=\"http:\/\/www.discovery-project.eu\/\" target=\"_blank\" rel=\"noopener noreferrer\">Projekt Discovery<\/a> \u2013 Digital Semantic Corpora for Virtual Research in Philosophy \u2013 von 2007 bis 2009 und das\u00a0<a href=\"http:\/\/www.projectagora.org\/\" target=\"_blank\" rel=\"noopener noreferrer\">Agora Project<\/a>\u00a0\u2013 Scholarly Open Access Research in European Philosophy \u2013 von 2011 bis 2013.<\/p>\n<p><a href=\"http:\/\/www.klassik-stiftung.de\/start\/\" target=\"_blank\" rel=\"noopener noreferrer\"><img loading=\"lazy\" class=\"alignleft wp-image-165 size-full\" src=\"http:\/\/doc.francesource.org\/wp-content\/uploads\/2016\/05\/weimar.png\" alt=\"weimar\" width=\"110\" height=\"49\" \/><\/a>Die <a href=\"http:\/\/www.klassik-stiftung.de\/forschung\/digitale-dokumente\/digitalisierte-bestaende\/nachlass-friedrich-nietzsche-dfga\/\" target=\"_blank\" rel=\"noopener noreferrer\">Klassik Stiftung Weimar<\/a> und der HyperNietzsche e.V. unterzeichneten eine Vereinbarung f\u00fcr die Digitalisierung und Ver\u00f6ffentlichung im Internet aller f\u00fcr das Leben und Werk relevanter Dokumente Friedrich Nietzsches im Besitz der Stiftung. Diese beispiellose \u00dcbereinkunft beinhaltet Manuskripte, Briefe, biographische Dokumente und Erstausgaben von Nietzsches Werken, wie auch Nietzsches pers\u00f6nliche Bibliothek. Das gemeinsame Ziel der Klassik Stiftung Weimar und Nietzsche Source ist sowohl die F\u00f6rderung der Forschung, als auch die Erh\u00f6hung des wissenschaftlichen Wertes des Archivmaterials.<\/p>\n<p><img loading=\"lazy\" class=\" wp-image-394 alignleft\" src=\"http:\/\/doc.francesource.org\/wp-content\/uploads\/2022\/12\/DFG-300x113.png\" alt=\"\" width=\"98\" height=\"37\" srcset=\"http:\/\/doc.francesource.org\/wp-content\/uploads\/2022\/12\/DFG-300x113.png 300w, http:\/\/doc.francesource.org\/wp-content\/uploads\/2022\/12\/DFG.png 416w\" sizes=\"(max-width: 98px) 85vw, 98px\" \/>Die <a href=\"http:\/\/www.dfg.de\/\" target=\"_blank\" rel=\"noopener noreferrer\">Deutsche Forschungsgemeinschaft<\/a> finanzierte das Projekt \u201eHyperNietzsche \u2013 Pilotedition f\u00fcr das Modell eines netzbasierten geisteswissenschaftlichen Editions-, Kommunikations- und Forschungshypertextes\u201c, geleitet von Prof. Dr. <a href=\"http:\/\/www.philosophie.tu-berlin.de\/menue\/mitarbeiter\/professoren\/prof_dr_guenter_abel\/\" target=\"_blank\" rel=\"noopener noreferrer\">G\u00fcnter Abel<\/a>, TU Berlin und Prof. Dr. Paolo D\u2019Iorio, zweimal mit F\u00f6rdermitteln (2002-2004 und 2006-2007).<br \/>\n2015-2018 sowie 2021-2023 finanzierte die DFG das Projekt\u00a0\u201eDigitale Faksimile-Gesamtausgabe Nietzsches (<a href=\"http:\/\/gepris.dfg.de\/gepris\/projekt\/279557452\" target=\"_blank\" rel=\"noopener noreferrer\">DFGA<\/a>)\u201c geleitet von Dr. Bernhard Fischer und Prof. Dr. Marcel Lepper, Direktoren des\u00a0Goethe- und Schiller-Archivs\u00a0in Weimar, in Zusammenarbeit mit Prof. Dr. Paolo D\u2019Iorio.<br \/>\n<img loading=\"lazy\" class=\" wp-image-384 alignleft\" src=\"http:\/\/doc.francesource.org\/wp-content\/uploads\/2022\/12\/ANR.png\" alt=\"\" width=\"101\" height=\"50\" \/>2016-2019 finanzierten die <a href=\"https:\/\/gepris.dfg.de\/gepris\/projekt\/281581212\" target=\"_blank\" rel=\"noopener noreferrer\">DFG<\/a> und die <a href=\"https:\/\/anr.fr\/Projet-ANR-15-FRAL-0001\" target=\"_blank\" rel=\"noopener noreferrer\">ANR<\/a> das Projekt\u00a0\u201eNietzsches Bibliothek. Digitale Edition und philosophischer Kommentar\u201c geleitet von Prof. Dr. Paolo D&#8217;Iorio und Prof. Dr. Andreas Urs Sommer (Universit\u00e4t Freiburg).<\/p>\n<p><a href=\"https:\/\/www.humboldt-foundation.de\/web\/start.html\" target=\"_blank\" rel=\"noopener noreferrer\"><img loading=\"lazy\" class=\"none alignleft wp-image-163 size-full\" src=\"http:\/\/doc.francesource.org\/wp-content\/uploads\/2016\/05\/avh.png\" alt=\"avh\" width=\"110\" height=\"58\" \/><\/a>Die <a href=\"http:\/\/www.humboldt-foundation.de\/web\/start.html\" target=\"_blank\" rel=\"noopener noreferrer\">Alexander von Humboldt-Stiftung<\/a>\u00a0und das Bundesministerium f\u00fcr Bildung und Forschung zeichneten Prof. Dr. Paolo D&#8217;Iorio mit dem\u00a0 <a href=\"http:\/\/www.humboldt-foundation.de\/en\/Programme\/preise\/kova.htm\" target=\"_blank\" rel=\"noopener noreferrer\">Sofja Kovalevskaja Preis<\/a> \u201ef\u00fcr erfolgreiche Spitzennachwuchswissenschaftler\u201c f\u00fcr das Projekt \u201eHyperNietzsche \u2013 Modell eines netzbasierten geisteswissenschaftlichen Editions-, Kommunikations- und Forschungshypertextes\u201c aus (Ludwig-Maximilians-Universit\u00e4t M\u00fcnchen, Gastgeber Prof. Dr. <a href=\"http:\/\/www.anglistik.uni-muenchen.de\/personen\/emeriti\/gabler\/index.html\" target=\"_blank\" rel=\"noopener noreferrer\">Hans Walter Gabler<\/a>).<\/p>\n<p><a href=\"http:\/\/www.enseignementsup-recherche.gouv.fr\/\" target=\"_blank\" rel=\"noopener noreferrer\"><img loading=\"lazy\" class=\"alignleft wp-image-162 size-full\" src=\"http:\/\/doc.francesource.org\/wp-content\/uploads\/2016\/05\/aci.png\" alt=\"aci\" width=\"110\" height=\"61\" \/><\/a>Das <a href=\"http:\/\/www.enseignementsup-recherche.gouv.fr\/\" target=\"_blank\" rel=\"noopener noreferrer\">Franz\u00f6sische Forschungsministerium<\/a> f\u00f6rderte durch die Action Concert\u00e9e Incitative \u201eJeunes chercheurs\u201c das Projekt \u201eHyperNietzsche\u201c unter der Leitung von Prof. Dr. Paolo D&#8217;Iorio von 2001 bis 2003.<\/p>\n<p><strong>Nietzsche Source dient als Pilotprojekt f\u00fcr zwei europ\u00e4ische Koordinierungsaktionen:<\/strong><br \/>\n<a href=\"http:\/\/www.cost-a32.eu\/\" target=\"_blank\" rel=\"noopener noreferrer\"><img loading=\"lazy\" class=\"alignleft wp-image-161 size-full\" src=\"http:\/\/doc.francesource.org\/wp-content\/uploads\/2016\/05\/cost.png\" alt=\"cost\" width=\"110\" height=\"26\" \/><\/a>2006-2010 <a href=\"http:\/\/www.cost-a32.eu\/\" target=\"_blank\" rel=\"noopener noreferrer\">COST Action A32<\/a>, \u201cOpen Scholarly Communities on the Web\u201d, 15 europ\u00e4ische Teilnehmerl\u00e4nder (Prof. Dr. Paolo D\u2019Iorio, Initiator und Leiter bis August 2008).<\/p>\n<p><a href=\"http:\/\/www.hyperlearning.eu\/\" target=\"_blank\" rel=\"noopener noreferrer\"><img loading=\"lazy\" class=\"alignleft wp-image-160 size-full\" src=\"http:\/\/doc.francesource.org\/wp-content\/uploads\/2016\/05\/hl.png\" alt=\"hl\" width=\"110\" height=\"35\" \/><\/a>2004-2007 <a href=\"http:\/\/www.item.ens.fr\/index.php?id=14149\" target=\"_blank\" rel=\"noopener noreferrer\">Groupement de Recherche Europ\u00e9en<\/a> (GDREplus), \u201cHyper-Learning. Mod\u00e8les ouverts de recherche et d\u2019enseignement sur Internet\u201d, 29 Partner aus neun europ\u00e4ischen L\u00e4ndern (Prof. Dr. Paolo D\u2019Iorio, Leiter).<\/p>\n","protected":false},"excerpt":{"rendered":"<p>Nietzsche Source wurde unterst\u00fctzt von den folgenden Institutionen: Das Centre National de la Recherche Scientifique hat Nietzsche Source seit 1999 am Institut des Textes et Manuscrits Modernes, CNRS-ENS, Paris und von 2008 bis 2011 am Maison Fran\u00e7aise d\u2019Oxford mit Personal, R\u00e4umen und anderen Einrichtungen unterst\u00fctzt. Au\u00dferdem f\u00f6rderte das CNRS Nietzsche Source durch zwei spezifische Zusch\u00fcsse &hellip; <a href=\"http:\/\/doc.francesource.org\/de\/institutionen\" class=\"more-link\">Continue reading<span class=\"screen-reader-text\"> &#8220;Institutionen und F\u00f6rderer&#8221;<\/span><\/a><\/p>\n","protected":false},"author":1,"featured_media":0,"parent":0,"menu_order":0,"comment_status":"closed","ping_status":"closed","template":"","meta":[],"_links":{"self":[{"href":"http:\/\/doc.francesource.org\/de\/wp-json\/wp\/v2\/pages\/52"}],"collection":[{"href":"http:\/\/doc.francesource.org\/de\/wp-json\/wp\/v2\/pages"}],"about":[{"href":"http:\/\/doc.francesource.org\/de\/wp-json\/wp\/v2\/types\/page"}],"author":[{"embeddable":true,"href":"http:\/\/doc.francesource.org\/de\/wp-json\/wp\/v2\/users\/1"}],"replies":[{"embeddable":true,"href":"http:\/\/doc.francesource.org\/de\/wp-json\/wp\/v2\/comments?post=52"}],"version-history":[{"count":18,"href":"http:\/\/doc.francesource.org\/de\/wp-json\/wp\/v2\/pages\/52\/revisions"}],"predecessor-version":[{"id":402,"href":"http:\/\/doc.francesource.org\/de\/wp-json\/wp\/v2\/pages\/52\/revisions\/402"}],"wp:attachment":[{"href":"http:\/\/doc.francesource.org\/de\/wp-json\/wp\/v2\/media?parent=52"}],"curies":[{"name":"wp","href":"https:\/\/api.w.org\/{rel}","templated":true}]}}