{"id":68,"date":"2016-05-03T09:35:42","date_gmt":"2016-05-03T07:35:42","guid":{"rendered":"http:\/\/doc.francesource.org\/de\/?page_id=68"},"modified":"2022-12-02T10:34:06","modified_gmt":"2022-12-02T09:34:06","slug":"forschungsgruppe","status":"publish","type":"page","link":"http:\/\/doc.francesource.org\/de\/forschungsgruppe","title":{"rendered":"Forschungsgruppe"},"content":{"rendered":"<h3>Wissenschaftliche Leitung: Prof. Dr. Paolo D\u2019Iorio<\/h3>\n<p><strong>Digitale Kritische Gesamtausgabe<\/strong> (<a href=\"http:\/\/www.nietzschesource.org\/eKGWB\" target=\"_blank\" rel=\"noopener noreferrer\">eKGWB<\/a>): Irmgard Betz, M.A.; Christian D\u00fcnisch, M.A.; Armin Schwehr, M.A.<\/p>\n<p><strong>Digitale<\/strong> <strong>Faksimile Gesamtausgabe<\/strong> (<a href=\"http:\/\/www.nietzschesource.org\/DFGA\" target=\"_blank\" rel=\"noopener noreferrer\">DFGA<\/a>): Armin Schwehr, M.A.; Martina Fischer M.A.;\u00a0Dr. Silke Henke; Christian P\u00f6nitz M.A.; Franziska Stiebritz M.A.<\/p>\n<p><strong>Genetische Edition<\/strong>: Prof. Dr. Matteo d\u2019Alfonso, Dr. Inga Gerike, Dr. Christiane Henkes, Dr. Andrew Williams, Dr. Volker Zapf.<\/p>\n<p><strong>Studia Nietzscheana<\/strong> (<a href=\"http:\/\/www.nietzschesource.org\/SN\" target=\"_blank\" rel=\"noopener noreferrer\">SN<\/a>): prof. Francisco Arenas-Dolz (Valencia), dott. Giuseppe Berardi (Pescara), dott.ssa Maria Jo\u00e3o Branco (Lisboa), D<sup>r<\/sup>\u00a0Christophe Corbier (Paris), prof.ssa Maria C. Fornari (Lecce), Sandra Y. Freregger M.A. (Wien), Sylvia M. Gorelick M.A. (New York, Paris), dott. Luca Lupo (Cosenza), Armin Schwehr M.A., (Berlin), D<sup>r<\/sup> Yannick Souladi\u00e9 (Toulouse), D<sup>re<\/sup> Isabelle Wienand (Friburg), dott.ssa Benedetta Zavatta (Lisboa).<\/p>\n<p><strong>Grafische Benutzeroberfl\u00e4chen<\/strong>: dott. Giulio Andreini (<a href=\"http:\/\/www.netseven.it\/\" target=\"_blank\" rel=\"noopener noreferrer\">Net7<\/a>)<br \/>\n<strong>Software<\/strong>: <a href=\"http:\/\/www.netseven.it\/\" target=\"_blank\" rel=\"noopener noreferrer\">Net7, Pisa<\/a><br \/>\n<strong>Text Kodierung<\/strong>: prof. Fabio Ciotti; Dr. Harald Saller.<br \/>\n<strong>Digitalisierung<\/strong>: Dr. \u00c9va Gr\u00e9p\u00e1ly; <a href=\"http:\/\/www.mikrounivers.de\/\" target=\"_blank\" rel=\"noopener noreferrer\">Micro-Univers GmbH<\/a>, Berlin.<br \/>\n<strong>Rechtsberatung<\/strong>: Philippe Chevet; Dr. Silke Clausing; dott. Thomas Margoni.<br \/>\n<strong>Special Adviser<\/strong>: prof. Thomas Bartscherer.<\/p>\n<p><strong>Ehemalige<\/strong><strong>\u00a0Mitarbeiter<\/strong>:, Dr. Manuel Dries; dott. Salvatore Viola.<\/p>\n","protected":false},"excerpt":{"rendered":"<p>Wissenschaftliche Leitung: Prof. Dr. Paolo D\u2019Iorio Digitale Kritische Gesamtausgabe (eKGWB): Irmgard Betz, M.A.; Christian D\u00fcnisch, M.A.; Armin Schwehr, M.A. Digitale Faksimile Gesamtausgabe (DFGA): Armin Schwehr, M.A.; Martina Fischer M.A.;\u00a0Dr. Silke Henke; Christian P\u00f6nitz M.A.; Franziska Stiebritz M.A. Genetische Edition: Prof. Dr. Matteo d\u2019Alfonso, Dr. Inga Gerike, Dr. Christiane Henkes, Dr. Andrew Williams, Dr. Volker Zapf. &hellip; <a href=\"http:\/\/doc.francesource.org\/de\/forschungsgruppe\" class=\"more-link\">Continue reading<span class=\"screen-reader-text\"> &#8220;Forschungsgruppe&#8221;<\/span><\/a><\/p>\n","protected":false},"author":1,"featured_media":0,"parent":0,"menu_order":0,"comment_status":"closed","ping_status":"closed","template":"","meta":[],"_links":{"self":[{"href":"http:\/\/doc.francesource.org\/de\/wp-json\/wp\/v2\/pages\/68"}],"collection":[{"href":"http:\/\/doc.francesource.org\/de\/wp-json\/wp\/v2\/pages"}],"about":[{"href":"http:\/\/doc.francesource.org\/de\/wp-json\/wp\/v2\/types\/page"}],"author":[{"embeddable":true,"href":"http:\/\/doc.francesource.org\/de\/wp-json\/wp\/v2\/users\/1"}],"replies":[{"embeddable":true,"href":"http:\/\/doc.francesource.org\/de\/wp-json\/wp\/v2\/comments?post=68"}],"version-history":[{"count":5,"href":"http:\/\/doc.francesource.org\/de\/wp-json\/wp\/v2\/pages\/68\/revisions"}],"predecessor-version":[{"id":378,"href":"http:\/\/doc.francesource.org\/de\/wp-json\/wp\/v2\/pages\/68\/revisions\/378"}],"wp:attachment":[{"href":"http:\/\/doc.francesource.org\/de\/wp-json\/wp\/v2\/media?parent=68"}],"curies":[{"name":"wp","href":"https:\/\/api.w.org\/{rel}","templated":true}]}}