{"id":7,"date":"2016-05-02T12:15:35","date_gmt":"2016-05-02T10:15:35","guid":{"rendered":"http:\/\/doc.francesource.org\/de\/?page_id=7"},"modified":"2025-06-10T12:42:33","modified_gmt":"2025-06-10T10:42:33","slug":"home","status":"publish","type":"page","link":"http:\/\/doc.francesource.org\/de\/","title":{"rendered":"\u00dcber Anatole France"},"content":{"rendered":"<p>Nietzsche Source ist eine Website zur Ver\u00f6ffentlichung wissenschaftlicher Inhalte zu Werk und Leben Friedrich Nietzsches, herausgegeben von Prof. Dr.&nbsp;<a href=\"http:\/\/www.diorio.info\/\" target=\"_blank\" rel=\"noopener noreferrer\">Paolo D\u2019Iorio<\/a>.<\/p>\n<p>Der Inhalt dieser Website und ihre Internetadressen sind stabil und frei zug\u00e4nglich f\u00fcr Forschung und Lehre.<\/p>\n<p>Die Website wird betrieben von der <a href=\"http:\/\/www.hypernietzsche.org\/de\/\" target=\"_blank\" rel=\"noopener noreferrer\">Association HyperNietzsche<\/a>, einer Non-Profit-Organisation an der <a href=\"http:\/\/www.ens.fr\/?lang=fr\" target=\"_blank\" rel=\"noopener noreferrer\">\u00c9cole normale sup\u00e9rieure<\/a> in Paris. Die Association HyperNietzsche versteht sich als eine stetig wachsende Forschungsgemeinschaft f\u00fchrender Experten aus verschiedenen L\u00e4ndern. Sie unterst\u00fctzt die Nietzscheforschung durch Kongresse und wissenschaftliche Veranstaltungen. Ihre Hauptaufgabe ist die Fortsetzung der Arbeit an der Edition, Kommentierung und der Interpretation von Nietzsches Werk.<\/p>\n","protected":false},"excerpt":{"rendered":"<p>Nietzsche Source ist eine Website zur Ver\u00f6ffentlichung wissenschaftlicher Inhalte zu Werk und Leben Friedrich Nietzsches, herausgegeben von Prof. Dr.&nbsp;Paolo D\u2019Iorio. Der Inhalt dieser Website und ihre Internetadressen sind stabil und frei zug\u00e4nglich f\u00fcr Forschung und Lehre. Die Website wird betrieben von der Association HyperNietzsche, einer Non-Profit-Organisation an der \u00c9cole normale sup\u00e9rieure in Paris. Die Association &hellip; <a href=\"http:\/\/doc.francesource.org\/de\/\" class=\"more-link\">Continue reading<span class=\"screen-reader-text\"> &#8220;\u00dcber Anatole France&#8221;<\/span><\/a><\/p>\n","protected":false},"author":1,"featured_media":0,"parent":0,"menu_order":0,"comment_status":"closed","ping_status":"closed","template":"","meta":[],"_links":{"self":[{"href":"http:\/\/doc.francesource.org\/de\/wp-json\/wp\/v2\/pages\/7"}],"collection":[{"href":"http:\/\/doc.francesource.org\/de\/wp-json\/wp\/v2\/pages"}],"about":[{"href":"http:\/\/doc.francesource.org\/de\/wp-json\/wp\/v2\/types\/page"}],"author":[{"embeddable":true,"href":"http:\/\/doc.francesource.org\/de\/wp-json\/wp\/v2\/users\/1"}],"replies":[{"embeddable":true,"href":"http:\/\/doc.francesource.org\/de\/wp-json\/wp\/v2\/comments?post=7"}],"version-history":[{"count":8,"href":"http:\/\/doc.francesource.org\/de\/wp-json\/wp\/v2\/pages\/7\/revisions"}],"predecessor-version":[{"id":427,"href":"http:\/\/doc.francesource.org\/de\/wp-json\/wp\/v2\/pages\/7\/revisions\/427"}],"wp:attachment":[{"href":"http:\/\/doc.francesource.org\/de\/wp-json\/wp\/v2\/media?parent=7"}],"curies":[{"name":"wp","href":"https:\/\/api.w.org\/{rel}","templated":true}]}}