{"id":96,"date":"2016-05-03T09:45:15","date_gmt":"2016-05-03T07:45:15","guid":{"rendered":"http:\/\/doc.francesource.org\/de\/?page_id=96"},"modified":"2023-10-03T10:12:14","modified_gmt":"2023-10-03T08:12:14","slug":"corrections-html","status":"publish","type":"page","link":"http:\/\/doc.francesource.org\/de\/corrections-html","title":{"rendered":"Die Berichtigungen"},"content":{"rendered":"<p>Die\u00a0<a href=\"http:\/\/doc.francesource.org\/de\/ekgwb\" target=\"_blank\" rel=\"noopener noreferrer\">eKGWB<\/a> ist die erste Version der Colli\/Montinari Ausgabe, die alle in den Kommentarb\u00e4nden der Druckausgabe enthaltenen ca. 6.600 philologischen Berichtigungen direkt im elektronischen Text zitiert. Die berichtigten Stellen sind farblich hervorgehoben. Per Mausklick gelangen die Leser zur fr\u00fcheren, unberichtigten Fassung der Druckausgabe. Das Ziel ist die Schaffung der aktuellsten Version der Colli\/Montinari Ausgabe<\/p>\n<p>Jede kritische Ausgabe steht vor dem Problem, wie mit nach der Publikation entdeckten Fehlern umzugehen ist. \u00dcblicherweise werden solche Fehler, in Form eines losen, mit \u201eErrata\u201c betitelten Blattes, jedem Einzelband einer Ausgabe beigef\u00fcgt. Sind diese Fehler jedoch zu zahlreich oder werden sie erst zu einem viel sp\u00e4teren Zeitpunkt entdeckt, so publiziert man diese Fehler erst in zus\u00e4tzlichen Kommentarb\u00e4nden. Letzteres trifft auch f\u00fcr die Colli\/Montinari Ausgabe zu. Die Berichtigungen finden sich in langen Listen in den sogenannten Nachberichten, den hervorragenden Kommentarb\u00e4nden, die f\u00fcr viele B\u00e4nde der Ausgabe existieren. Leider wurden aber in der Nachfolge die Textb\u00e4nde nicht dementsprechend aktualisiert. Aus diesem Grund arbeiten heute Forscher mit Texten, die dem aktuellen Kenntnisstand nicht entsprechen. Nun kann man die Relevanz vieler dieser Berichtigungen als eher gering betrachten: ein fehlendes Komma, ein doppelt statt einfach unterstrichenes Wort im Manuskript, eine fehlende, oder f\u00e4lschlicherweise eingef\u00fcgte, Absatztrennung. Doch das ist beileibe nicht alles. Bisweilen wurde ein Komma verschoben, oder aber ein Buchstabe eines Wortes wurde falsch entziffert, oder einige W\u00f6rter wurden ausgelassen und pl\u00f6tzlich \u00e4ndert sich die Bedeutung des gesamten Textes signifikant.<\/p>\n<p>Im Folgenden aufgef\u00fchrt sind die bibliographischen Angaben zu den Kommentarb\u00e4nden der Printausgabe (KGW und KGB):<\/p>\n<table border=\"0\" width=\"80%\" cellspacing=\"0\" cellpadding=\"8\">\n<tbody>\n<tr>\n<td width=\"22%\">Berichtigungen zu<\/td>\n<td width=\"22%\">\n<div align=\"left\">KGW III 1-4<\/div>\n<\/td>\n<td width=\"25%\">\n<div>zitiert nach<\/div>\n<\/td>\n<td width=\"31%\">\n<div align=\"left\">KGW III 5\/2, pp. 1615-1648<\/div>\n<\/td>\n<\/tr>\n<tr>\n<td>Berichtigungen zu<\/td>\n<td>\n<div align=\"left\">KGW IV<\/div>\n<\/td>\n<td>\n<div>zitiert nach<\/div>\n<\/td>\n<td>\n<div align=\"left\">KGW IV\/4, pp. VII-VIII<\/div>\n<\/td>\n<\/tr>\n<tr>\n<td>Berichtigungen zu<\/td>\n<td>\n<div align=\"left\">KGW V 1<\/div>\n<\/td>\n<td>\n<div>zitiert nach<\/div>\n<\/td>\n<td>\n<div align=\"left\">KGW VII\/4.1, pp. 981-982<\/div>\n<\/td>\n<\/tr>\n<tr>\n<td>Berichtigungen zu<\/td>\n<td>\n<div align=\"left\">KGW VI 1<\/div>\n<\/td>\n<td>\n<div>zitiert nach<\/div>\n<\/td>\n<td>\n<div align=\"left\">KGW VII\/4.1, pp. 982-984<\/div>\n<\/td>\n<\/tr>\n<tr>\n<td>Berichtigungen zu<\/td>\n<td>\n<div align=\"left\">KGW VII 1-3<\/div>\n<\/td>\n<td>\n<div>zitiert nach<\/div>\n<\/td>\n<td>\n<div align=\"left\">KGW VII\/4.1, pp. 982-984<\/div>\n<\/td>\n<\/tr>\n<tr>\n<td>Zus\u00e4tzliche Berichtigungen<\/td>\n<td>\n<div align=\"left\">KGW VII 1-4<\/div>\n<\/td>\n<td>\n<div>zitiert nach<\/div>\n<\/td>\n<td>\n<div align=\"left\">KGW VII\/4.2, pp. 647-670<\/div>\n<\/td>\n<\/tr>\n<tr>\n<td>Zus\u00e4tzliche Berichtigungen<\/td>\n<td>\n<div align=\"left\">KGW IV 4, VII 3, VII 4\/2 and VIII 1-3<\/div>\n<\/td>\n<td>\n<div>zitiert nach<\/div>\n<\/td>\n<td>\n<div align=\"left\">KGW IX 6, pp. 137-216<\/div>\n<\/td>\n<\/tr>\n<tr>\n<td><\/td>\n<td><\/td>\n<td><\/td>\n<td><\/td>\n<\/tr>\n<tr>\n<td>Berichtigungen zu<\/td>\n<td>\n<div align=\"left\">KGB I 1, I 2, I 3<\/div>\n<\/td>\n<td>zitiert nach<\/td>\n<td>\n<div align=\"left\">KGB I\u00a04, pp.\u00a03-6<\/div>\n<\/td>\n<\/tr>\n<tr>\n<td>Berichtigungen zu<\/td>\n<td>\n<div align=\"left\">KGB II 1, II 2<\/div>\n<\/td>\n<td>zitiert nach<\/td>\n<td>\n<div align=\"left\">KGB II\u00a07\/1, pp.\u00a0673-675<\/div>\n<\/td>\n<\/tr>\n<tr>\n<td>Berichtigungen zu<\/td>\n<td>\n<div align=\"left\">KGB II\u00a03, II\u00a04<\/div>\n<\/td>\n<td>zitiert nach<\/td>\n<td>\n<div align=\"left\">KGB II\u00a07\/2, pp.\u00a0831-835<\/div>\n<\/td>\n<\/tr>\n<tr>\n<td>Berichtigungen zu<\/td>\n<td>\n<div align=\"left\">KGB II\u00a05, II\u00a06\/1, II\u00a06\/2<\/div>\n<\/td>\n<td>zitiert nach<\/td>\n<td>\n<div align=\"left\">KGB II\u00a07\/3\/2, pp.\u00a01167-1176<\/div>\n<\/td>\n<\/tr>\n<tr>\n<td>Berichtigungen zu<\/td>\n<td>\n<div align=\"left\">KGB III\u00a01, III\u00a02<\/div>\n<\/td>\n<td>zitiert nach<\/td>\n<td>\n<div align=\"left\">KGB II\u00a07\/1, pp.\u00a01021-1031<\/div>\n<\/td>\n<\/tr>\n<tr>\n<td>Berichtigungen zu<\/td>\n<td>\n<div align=\"left\">KGB III\u00a03, III\u00a04<\/div>\n<\/td>\n<td>zitiert nach<\/td>\n<td>\n<div align=\"left\">KGB III\u00a07\/2, pp.\u00a0555-572<\/div>\n<\/td>\n<\/tr>\n<tr>\n<td>Berichtigungen zu<\/td>\n<td>\n<div align=\"left\">KGB III\/1, III\/6<\/div>\n<\/td>\n<td>zitiert nach<\/td>\n<td>\n<div align=\"left\">KGB III\u00a07\/3\/2, pp.\u00a01117-1126<\/div>\n<\/td>\n<\/tr>\n<\/tbody>\n<\/table>\n<p>Ebenso ber\u00fccksichtigt sind die vier Seiten \u201eErrata\u201c, die 1981 von Mazzino Montinari als Beigabe zur Kritischen Studienausgabe (Berlin, Walter de Gruyter, 1980) ver\u00f6ffentlicht wurden. Zu diesem Anlass dankte Mazzino Montinari seinen Kollegen f\u00fcr ihre M\u00fche, jene Berichtigungen zusammenzutragen. Wir m\u00f6chten an dieser Stelle ebenso allen fr\u00fcheren, gegenw\u00e4rtigen und zuk\u00fcnftigen Philologen und Herausgebern danken, die sich dem Ziel einer textgenauen kritischen Ausgabe von Nietzsches Schriften verpflichtet f\u00fchlten und f\u00fchlen.<\/p>\n","protected":false},"excerpt":{"rendered":"<p>Die\u00a0eKGWB ist die erste Version der Colli\/Montinari Ausgabe, die alle in den Kommentarb\u00e4nden der Druckausgabe enthaltenen ca. 6.600 philologischen Berichtigungen direkt im elektronischen Text zitiert. Die berichtigten Stellen sind farblich hervorgehoben. Per Mausklick gelangen die Leser zur fr\u00fcheren, unberichtigten Fassung der Druckausgabe. Das Ziel ist die Schaffung der aktuellsten Version der Colli\/Montinari Ausgabe Jede kritische &hellip; <a href=\"http:\/\/doc.francesource.org\/de\/corrections-html\" class=\"more-link\">Continue reading<span class=\"screen-reader-text\"> &#8220;Die Berichtigungen&#8221;<\/span><\/a><\/p>\n","protected":false},"author":1,"featured_media":0,"parent":0,"menu_order":0,"comment_status":"closed","ping_status":"closed","template":"","meta":[],"_links":{"self":[{"href":"http:\/\/doc.francesource.org\/de\/wp-json\/wp\/v2\/pages\/96"}],"collection":[{"href":"http:\/\/doc.francesource.org\/de\/wp-json\/wp\/v2\/pages"}],"about":[{"href":"http:\/\/doc.francesource.org\/de\/wp-json\/wp\/v2\/types\/page"}],"author":[{"embeddable":true,"href":"http:\/\/doc.francesource.org\/de\/wp-json\/wp\/v2\/users\/1"}],"replies":[{"embeddable":true,"href":"http:\/\/doc.francesource.org\/de\/wp-json\/wp\/v2\/comments?post=96"}],"version-history":[{"count":4,"href":"http:\/\/doc.francesource.org\/de\/wp-json\/wp\/v2\/pages\/96\/revisions"}],"predecessor-version":[{"id":415,"href":"http:\/\/doc.francesource.org\/de\/wp-json\/wp\/v2\/pages\/96\/revisions\/415"}],"wp:attachment":[{"href":"http:\/\/doc.francesource.org\/de\/wp-json\/wp\/v2\/media?parent=96"}],"curies":[{"name":"wp","href":"https:\/\/api.w.org\/{rel}","templated":true}]}}