{"id":64,"date":"2016-05-03T09:34:48","date_gmt":"2016-05-03T07:34:48","guid":{"rendered":"http:\/\/doc.francesource.org\/en\/?page_id=64"},"modified":"2022-12-02T10:34:20","modified_gmt":"2022-12-02T09:34:20","slug":"research-group","status":"publish","type":"page","link":"http:\/\/doc.francesource.org\/en\/research-group","title":{"rendered":"Research Group"},"content":{"rendered":"<h3>General Editor: Paolo D\u2019Iorio<\/h3>\n<p><strong>Critical Edition<\/strong>(<a href=\"http:\/\/www.nietzschesource.org\/eKGWB\" target=\"_blank\" rel=\"noopener noreferrer\">eKGWB<\/a>): Irmgard Betz, M.A.; Christian D\u00fcnisch, M.A.; Armin Schwehr, M.A.<\/p>\n<p><strong>Facsimile Edition<\/strong> (<a href=\"http:\/\/www.nietzschesource.org\/DFGA\" target=\"_blank\" rel=\"noopener noreferrer\">DFGA<\/a>):\u00a0Armin Schwehr, M.A.; Martina Fischer M.A.;\u00a0Dr. Silke Henke; Christian P\u00f6nitz M.A.; Franziska Stiebritz M.A.<\/p>\n<p><strong>Genetic Edition<\/strong>: prof. Matteo d\u2019Alfonso; Dr. Inga Gerike; Dr. Christiane Henkes; Dr. Andrew Williams; Dr. Volker Zapf.<\/p>\n<p><strong>Studia Nietzscheana<\/strong>: (<a href=\"http:\/\/www.nietzschesource.org\/SN\" target=\"_blank\" rel=\"noopener noreferrer\">SN<\/a>): prof. Francisco Arenas-Dolz (Valencia), dott. Giuseppe Berardi (Pescara), dott.ssa Maria Jo\u00e3o Branco (Lisboa), D<sup>r<\/sup>\u00a0Christophe Corbier (Paris), prof.ssa Maria C. Fornari (Lecce), Sandra Y. Freregger M.A. (Wien), Sylvia M. Gorelick M.A. (New York, Paris), dott. Luca Lupo (Cosenza), Armin Schwehr M.A., (Berlin), D<sup>r<\/sup> Yannick Souladi\u00e9 (Toulouse), D<sup>re<\/sup> Isabelle Wienand (Friburg), dott.ssa Benedetta Zavatta (Lisboa).<\/p>\n<p><strong>Graphic User Interfaces<\/strong>: dott. Giulio Andreini (<a href=\"http:\/\/www.netseven.it\/\" target=\"_blank\" rel=\"noopener noreferrer\">Net7<\/a>).<br \/>\n<strong>Software<\/strong>: <a href=\"http:\/\/www.netseven.it\/\" target=\"_blank\" rel=\"noopener noreferrer\">Net7, Pisa.<\/a><br \/>\n<strong>Text Encoding<\/strong>: prof. Fabio Ciotti; Dr. Harald Saller.<br \/>\n<strong>Digitisation<\/strong>: Dr. \u00c9va Gr\u00e9p\u00e1ly; <a href=\"http:\/\/www.mikrounivers.de\/\" target=\"_blank\" rel=\"noopener noreferrer\">Micro-Univers GmbH<\/a>, Berlin.<br \/>\n<strong>Legal Framework<\/strong>: Philippe Chevet; Dr. Silke Clausing; dott. Thomas Margoni.<br \/>\n<strong>Special Adviser<\/strong>: Dr. Thomas Bartscherer.<\/p>\n<p><strong>Past collaborators<\/strong>: Dr. Manuel Dries; dott. Salvatore Viola.<\/p>\n","protected":false},"excerpt":{"rendered":"<p>General Editor: Paolo D\u2019Iorio Critical Edition(eKGWB): Irmgard Betz, M.A.; Christian D\u00fcnisch, M.A.; Armin Schwehr, M.A. Facsimile Edition (DFGA):\u00a0Armin Schwehr, M.A.; Martina Fischer M.A.;\u00a0Dr. Silke Henke; Christian P\u00f6nitz M.A.; Franziska Stiebritz M.A. Genetic Edition: prof. Matteo d\u2019Alfonso; Dr. Inga Gerike; Dr. Christiane Henkes; Dr. Andrew Williams; Dr. Volker Zapf. Studia Nietzscheana: (SN): prof. Francisco Arenas-Dolz (Valencia), &hellip; <a href=\"http:\/\/doc.francesource.org\/en\/research-group\" class=\"more-link\">Continue reading<span class=\"screen-reader-text\"> &#8220;Research Group&#8221;<\/span><\/a><\/p>\n","protected":false},"author":1,"featured_media":0,"parent":0,"menu_order":0,"comment_status":"closed","ping_status":"closed","template":"","meta":[],"_links":{"self":[{"href":"http:\/\/doc.francesource.org\/en\/wp-json\/wp\/v2\/pages\/64"}],"collection":[{"href":"http:\/\/doc.francesource.org\/en\/wp-json\/wp\/v2\/pages"}],"about":[{"href":"http:\/\/doc.francesource.org\/en\/wp-json\/wp\/v2\/types\/page"}],"author":[{"embeddable":true,"href":"http:\/\/doc.francesource.org\/en\/wp-json\/wp\/v2\/users\/1"}],"replies":[{"embeddable":true,"href":"http:\/\/doc.francesource.org\/en\/wp-json\/wp\/v2\/comments?post=64"}],"version-history":[{"count":6,"href":"http:\/\/doc.francesource.org\/en\/wp-json\/wp\/v2\/pages\/64\/revisions"}],"predecessor-version":[{"id":379,"href":"http:\/\/doc.francesource.org\/en\/wp-json\/wp\/v2\/pages\/64\/revisions\/379"}],"wp:attachment":[{"href":"http:\/\/doc.francesource.org\/en\/wp-json\/wp\/v2\/media?parent=64"}],"curies":[{"name":"wp","href":"https:\/\/api.w.org\/{rel}","templated":true}]}}