{"id":11,"date":"2016-05-02T12:16:25","date_gmt":"2016-05-02T10:16:25","guid":{"rendered":"http:\/\/doc.francesource.org\/fr\/?page_id=11"},"modified":"2025-09-04T12:22:28","modified_gmt":"2025-09-04T10:22:28","slug":"home","status":"publish","type":"page","link":"http:\/\/doc.francesource.org\/fr\/home","title":{"rendered":"Pr\u00e9sentation"},"content":{"rendered":"<p>Anatole France Source est un site web consacr\u00e9 \u00e0 la publication d&#8217;\u00e9ditions et d&#8217;autres contributions scientifiques concernant l\u2019\u0153uvre d&#8217;Anatole France, sous la direction \u00e9ditoriale et scientifique de <a href=\"http:\/\/www.diorio.info\/\" target=\"_blank\" rel=\"noopener noreferrer\">Paolo D&#8217;Iorio<\/a>\u00a0et <a href=\"https:\/\/cellf.cnrs.fr\/membre\/guillaume-metayer\/\" target=\"_blank\" rel=\"noopener\">Guillaume M\u00e9tayer<\/a>.<\/p>\n<p>Il publie la premi\u00e8re \u00e9dition compl\u00e8te, critique et comment\u00e9e des \u0153uvres d&#8217;Anatole France (<a href=\"http:\/\/www.fransource.org\/ECAF\">ECAF<\/a>), ainsi que la <a href=\"http:\/\/www.fransource.org\/RAF\"><em>Revue Anatole France<\/em><\/a>, toutes deux plac\u00e9es sous la direction de <a href=\"https:\/\/cellf.cnrs.fr\/membre\/guillaume-metayer\/\" target=\"_blank\" rel=\"noopener\">Guillaume M\u00e9tayer<\/a>.<\/p>\n<p>Les textes et leurs adresses internet sont stables et doivent \u00eatre cit\u00e9s selon les usages bibliographiques indiqu\u00e9s (lien menu). Ils peuvent \u00eatre utilis\u00e9s \u00e0 des fins d&#8217;enseignement et de recherche et selon les dispositions<a href=\"http:\/\/doc.francesource.org\/en\/rights\"> l\u00e9gales pr\u00e9vues<\/a>.<\/p>\n","protected":false},"excerpt":{"rendered":"<p>Anatole France Source est un site web consacr\u00e9 \u00e0 la publication d&#8217;\u00e9ditions et d&#8217;autres contributions scientifiques concernant l\u2019\u0153uvre d&#8217;Anatole France, sous la direction \u00e9ditoriale et scientifique de Paolo D&#8217;Iorio\u00a0et Guillaume M\u00e9tayer. Il publie la premi\u00e8re \u00e9dition compl\u00e8te, critique et comment\u00e9e des \u0153uvres d&#8217;Anatole France (ECAF), ainsi que la Revue Anatole France, toutes deux plac\u00e9es sous &hellip; <a href=\"http:\/\/doc.francesource.org\/fr\/home\" class=\"more-link\">Continue reading<span class=\"screen-reader-text\"> &#8220;Pr\u00e9sentation&#8221;<\/span><\/a><\/p>\n","protected":false},"author":1,"featured_media":0,"parent":0,"menu_order":0,"comment_status":"closed","ping_status":"closed","template":"","meta":[],"_links":{"self":[{"href":"http:\/\/doc.francesource.org\/fr\/wp-json\/wp\/v2\/pages\/11"}],"collection":[{"href":"http:\/\/doc.francesource.org\/fr\/wp-json\/wp\/v2\/pages"}],"about":[{"href":"http:\/\/doc.francesource.org\/fr\/wp-json\/wp\/v2\/types\/page"}],"author":[{"embeddable":true,"href":"http:\/\/doc.francesource.org\/fr\/wp-json\/wp\/v2\/users\/1"}],"replies":[{"embeddable":true,"href":"http:\/\/doc.francesource.org\/fr\/wp-json\/wp\/v2\/comments?post=11"}],"version-history":[{"count":11,"href":"http:\/\/doc.francesource.org\/fr\/wp-json\/wp\/v2\/pages\/11\/revisions"}],"predecessor-version":[{"id":474,"href":"http:\/\/doc.francesource.org\/fr\/wp-json\/wp\/v2\/pages\/11\/revisions\/474"}],"wp:attachment":[{"href":"http:\/\/doc.francesource.org\/fr\/wp-json\/wp\/v2\/media?parent=11"}],"curies":[{"name":"wp","href":"https:\/\/api.w.org\/{rel}","templated":true}]}}