{"id":141,"date":"2016-05-03T10:02:55","date_gmt":"2016-05-03T08:02:55","guid":{"rendered":"http:\/\/doc.francesource.org\/fr\/?page_id=141"},"modified":"2025-09-04T16:49:09","modified_gmt":"2025-09-04T14:49:09","slug":"droits","status":"publish","type":"page","link":"http:\/\/doc.francesource.org\/fr\/droits","title":{"rendered":"Droits"},"content":{"rendered":"<p>L\u2019ensemble du contenu d&#8217;<strong>Anatole France Source<\/strong> est publi\u00e9 sous licence Creative Commons \u00ab paternit\u00e9, pas d\u2019utilisation commerciale, pas de modification \u00bb version 4.0 (<a href=\"http:\/\/creativecommons.org\/licenses\/by-nc-nd\/4.0\/deed.fr\" target=\"_blank\" rel=\"noopener\">CCPL BY-NC-ND<\/a>).<\/p>\n<p><strong>Anatole France Source<\/strong> d\u00e9fend une politique d\u2019acc\u00e8s totalement ouvert permettant au lectorat de consulter gratuitement les textes, leur appareil critique et leurs commentaires publi\u00e9s en ligne. Leur usage \u00e0 des fins d&#8217;enseignement et de recherche est autoris\u00e9.<\/p>\n<p>En revanche, les mat\u00e9riaux disponibles sur <strong>Anatole France Source<\/strong> ne sauraient \u00eatre utilis\u00e9s \u00e0 des fins commerciales sous quelque forme ou moyen que ce soit. Cela signifie qu\u2019il est interdit d\u2019en vendre, distribuer ou publier tout ou partie en vue d\u2019en tirer un b\u00e9n\u00e9fice financier. Si vous souhaitez le faire, vous devez au pr\u00e9alable obtenir l\u2019autorisation du titulaire des droits. Pour plus d&#8217;information, contactez directement <a href=\"mailto:gme.metayer@gmail.com\">Anatole France source <\/a>.<\/p>\n<p>Les citations du texte et des commentaires d&#8217;<strong>Anatole France source<\/strong>, facilit\u00e9es par l&#8217;existence d&#8217;URL stables et p\u00e9rennes, devront imp\u00e9rativement mentionner le site avec mention exacte de l\u2019URL concern\u00e9e, suivant en cela les conventions relatives aux publications en ligne.<\/p>\n","protected":false},"excerpt":{"rendered":"<p>L\u2019ensemble du contenu d&#8217;Anatole France Source est publi\u00e9 sous licence Creative Commons \u00ab paternit\u00e9, pas d\u2019utilisation commerciale, pas de modification \u00bb version 4.0 (CCPL BY-NC-ND). Anatole France Source d\u00e9fend une politique d\u2019acc\u00e8s totalement ouvert permettant au lectorat de consulter gratuitement les textes, leur appareil critique et leurs commentaires publi\u00e9s en ligne. Leur usage \u00e0 des &hellip; <a href=\"http:\/\/doc.francesource.org\/fr\/droits\" class=\"more-link\">Continue reading<span class=\"screen-reader-text\"> &#8220;Droits&#8221;<\/span><\/a><\/p>\n","protected":false},"author":1,"featured_media":0,"parent":0,"menu_order":0,"comment_status":"closed","ping_status":"closed","template":"","meta":[],"_links":{"self":[{"href":"http:\/\/doc.francesource.org\/fr\/wp-json\/wp\/v2\/pages\/141"}],"collection":[{"href":"http:\/\/doc.francesource.org\/fr\/wp-json\/wp\/v2\/pages"}],"about":[{"href":"http:\/\/doc.francesource.org\/fr\/wp-json\/wp\/v2\/types\/page"}],"author":[{"embeddable":true,"href":"http:\/\/doc.francesource.org\/fr\/wp-json\/wp\/v2\/users\/1"}],"replies":[{"embeddable":true,"href":"http:\/\/doc.francesource.org\/fr\/wp-json\/wp\/v2\/comments?post=141"}],"version-history":[{"count":10,"href":"http:\/\/doc.francesource.org\/fr\/wp-json\/wp\/v2\/pages\/141\/revisions"}],"predecessor-version":[{"id":486,"href":"http:\/\/doc.francesource.org\/fr\/wp-json\/wp\/v2\/pages\/141\/revisions\/486"}],"wp:attachment":[{"href":"http:\/\/doc.francesource.org\/fr\/wp-json\/wp\/v2\/media?parent=141"}],"curies":[{"name":"wp","href":"https:\/\/api.w.org\/{rel}","templated":true}]}}