{"id":41,"date":"2016-05-02T15:30:22","date_gmt":"2016-05-02T13:30:22","guid":{"rendered":"http:\/\/doc.francesource.org\/fr\/?page_id=41"},"modified":"2025-09-04T17:21:28","modified_gmt":"2025-09-04T15:21:28","slug":"comite-scientifique","status":"publish","type":"page","link":"http:\/\/doc.francesource.org\/fr\/comite-scientifique","title":{"rendered":"Comit\u00e9 scientifique"},"content":{"rendered":"<p>Le comit\u00e9 scientifique d&#8217;<strong>Anatole France Source <\/strong>est compos\u00e9 comme suit :<\/p>\n<p>Sophie Basch, Professeure \u00e0 Sorbonne Universit\u00e9<\/p>\n<p>Paolo D&#8217;Iorio, Directeur de recherche au CNRS (ITEM, ENS)<\/p>\n<p>Elizabeth Emery, Professeure \u00e0 Montclair University (USA)<\/p>\n<p>William Marx, Professeur au Coll\u00e8ge de France<\/p>\n<p>Pascal Ory (Acad\u00e9mie fran\u00e7aise)<\/p>\n<p>Susan Suleiman (Harvard university)<\/p>\n","protected":false},"excerpt":{"rendered":"<p>Le comit\u00e9 scientifique d&#8217;Anatole France Source est compos\u00e9 comme suit : Sophie Basch, Professeure \u00e0 Sorbonne Universit\u00e9 Paolo D&#8217;Iorio, Directeur de recherche au CNRS (ITEM, ENS) Elizabeth Emery, Professeure \u00e0 Montclair University (USA) William Marx, Professeur au Coll\u00e8ge de France Pascal Ory (Acad\u00e9mie fran\u00e7aise) Susan Suleiman (Harvard university)<\/p>\n","protected":false},"author":1,"featured_media":0,"parent":0,"menu_order":0,"comment_status":"closed","ping_status":"closed","template":"","meta":[],"_links":{"self":[{"href":"http:\/\/doc.francesource.org\/fr\/wp-json\/wp\/v2\/pages\/41"}],"collection":[{"href":"http:\/\/doc.francesource.org\/fr\/wp-json\/wp\/v2\/pages"}],"about":[{"href":"http:\/\/doc.francesource.org\/fr\/wp-json\/wp\/v2\/types\/page"}],"author":[{"embeddable":true,"href":"http:\/\/doc.francesource.org\/fr\/wp-json\/wp\/v2\/users\/1"}],"replies":[{"embeddable":true,"href":"http:\/\/doc.francesource.org\/fr\/wp-json\/wp\/v2\/comments?post=41"}],"version-history":[{"count":6,"href":"http:\/\/doc.francesource.org\/fr\/wp-json\/wp\/v2\/pages\/41\/revisions"}],"predecessor-version":[{"id":479,"href":"http:\/\/doc.francesource.org\/fr\/wp-json\/wp\/v2\/pages\/41\/revisions\/479"}],"wp:attachment":[{"href":"http:\/\/doc.francesource.org\/fr\/wp-json\/wp\/v2\/media?parent=41"}],"curies":[{"name":"wp","href":"https:\/\/api.w.org\/{rel}","templated":true}]}}