{"id":57,"date":"2016-05-03T09:31:09","date_gmt":"2016-05-03T07:31:09","guid":{"rendered":"http:\/\/doc.francesource.org\/fr\/?page_id=57"},"modified":"2025-09-04T17:21:06","modified_gmt":"2025-09-04T15:21:06","slug":"institutions","status":"publish","type":"page","link":"http:\/\/doc.francesource.org\/fr\/institutions","title":{"rendered":"Institutions et financements"},"content":{"rendered":"<p><strong>Anatole France Source a b\u00e9n\u00e9fici\u00e9 du soutien des institutions suivantes :<\/strong><\/p>\n<p><a href=\"https:\/\/anr.fr\/Projet-ANR-22-CE54-0016\" target=\"_blank\" rel=\"noopener\"><img loading=\"lazy\" class=\"alignleft wp-image-384\" src=\"http:\/\/doc.francesource.org\/wp-content\/uploads\/2022\/12\/ANR.png\" alt=\"\" width=\"101\" height=\"50\" \/><\/a><span style=\"font-size: revert;\">De 2016 \u00e0 2019 \u00a0l\u2019<\/span><a style=\"font-size: revert;\" href=\"https:\/\/anr.fr\/Projet-ANR-15-FRAL-0001\" target=\"_blank\" rel=\"noopener noreferrer\">ANR<\/a><span style=\"font-size: revert;\"> ont financ\u00e9 le projet \u201c La biblioth\u00e8que de Nietzsche : \u00e9dition num\u00e9rique et commentaire philosophique\u201d sous la direction de Paolo D&#8217;Iorio et Andreas Urs Sommer (Universit\u00e9 de Friburgo).<\/span><\/p>\n<p><a href=\"http:\/\/www.cnrs.fr\/\" target=\"_blank\" rel=\"noopener noreferrer\"><img loading=\"lazy\" class=\"alignleft wp-image-167 size-full\" src=\"http:\/\/doc.francesource.org\/wp-content\/uploads\/2016\/05\/cnrs.png\" alt=\"cnrs\" width=\"110\" height=\"58\" \/><\/a>Le <a href=\"http:\/\/www.cnrs.fr\/\" target=\"_blank\" rel=\"noopener noreferrer\">Centre National de la Recherche Scientifique<\/a> a soutenu <strong>Anatole France<\/strong> <strong>Source<\/strong> en personnel, locaux et \u00e9quipement d\u00e8s 2023 \u00e0 l\u2019<a href=\"http:\/\/www.item.ens.fr\/\" target=\"_blank\" rel=\"noopener noreferrer\">Institut des textes et manuscrits modernes<\/a> (CNRS-ENS, Paris) puis, de 2008 \u00e0 2011, \u00e0 la <a href=\"http:\/\/www.mfo.ac.uk\/\" target=\"_blank\" rel=\"noopener noreferrer\">Maison Fran\u00e7aise d\u2019Oxford<\/a> (CNRS-MAEE, Oxford).<\/p>\n<p><a href=\"https:\/\/www.sorbonne-universite.fr\" target=\"_blank\" rel=\"noopener\"><img loading=\"lazy\" class=\"alignleft wp-image-490\" src=\"http:\/\/doc.francesource.org\/wp-content\/uploads\/2025\/09\/Sorbonne-300x120.png\" alt=\"\" width=\"168\" height=\"67\" srcset=\"http:\/\/doc.francesource.org\/wp-content\/uploads\/2025\/09\/Sorbonne-300x120.png 300w, http:\/\/doc.francesource.org\/wp-content\/uploads\/2025\/09\/Sorbonne.png 354w\" sizes=\"(max-width: 168px) 85vw, 168px\" \/><\/a>Le <a href=\"http:\/\/www.enseignementsup-recherche.gouv.fr\/\" target=\"_blank\" rel=\"noopener noreferrer\">Minist\u00e8re Fran\u00e7ais de la Recherche<\/a> a financ\u00e9 de 2001 \u00e0 2003, au titre d\u2019une Action Concert\u00e9e Incitative Jeunes Chercheurs, le projet<em>HyperNietzsche<\/em> dirig\u00e9 par Paolo D\u2019Iorio.<\/p>\n<p><a href=\"https:\/\/www.fondationdestreilles.com\" target=\"_blank\" rel=\"noopener\"><img loading=\"lazy\" class=\"alignleft wp-image-491 size-full\" src=\"http:\/\/doc.francesource.org\/wp-content\/uploads\/2025\/09\/treilles.png\" alt=\"\" width=\"120\" height=\"120\" \/><\/a>Le <a href=\"http:\/\/www.enseignementsup-recherche.gouv.fr\/\" target=\"_blank\" rel=\"noopener noreferrer\">Minist\u00e8re Fran\u00e7ais de la Recherche<\/a> a financ\u00e9 de 2001 \u00e0 2003, au titre d\u2019une Action Concert\u00e9e Incitative Jeunes Chercheurs, le projet<em>HyperNietzsche<\/em> dirig\u00e9 par Paolo<\/p>\n","protected":false},"excerpt":{"rendered":"<p>Anatole France Source a b\u00e9n\u00e9fici\u00e9 du soutien des institutions suivantes : De 2016 \u00e0 2019 \u00a0l\u2019ANR ont financ\u00e9 le projet \u201c La biblioth\u00e8que de Nietzsche : \u00e9dition num\u00e9rique et commentaire philosophique\u201d sous la direction de Paolo D&#8217;Iorio et Andreas Urs Sommer (Universit\u00e9 de Friburgo). Le Centre National de la Recherche Scientifique a soutenu Anatole France &hellip; <a href=\"http:\/\/doc.francesource.org\/fr\/institutions\" class=\"more-link\">Continue reading<span class=\"screen-reader-text\"> &#8220;Institutions et financements&#8221;<\/span><\/a><\/p>\n","protected":false},"author":1,"featured_media":0,"parent":0,"menu_order":0,"comment_status":"closed","ping_status":"closed","template":"","meta":[],"_links":{"self":[{"href":"http:\/\/doc.francesource.org\/fr\/wp-json\/wp\/v2\/pages\/57"}],"collection":[{"href":"http:\/\/doc.francesource.org\/fr\/wp-json\/wp\/v2\/pages"}],"about":[{"href":"http:\/\/doc.francesource.org\/fr\/wp-json\/wp\/v2\/types\/page"}],"author":[{"embeddable":true,"href":"http:\/\/doc.francesource.org\/fr\/wp-json\/wp\/v2\/users\/1"}],"replies":[{"embeddable":true,"href":"http:\/\/doc.francesource.org\/fr\/wp-json\/wp\/v2\/comments?post=57"}],"version-history":[{"count":19,"href":"http:\/\/doc.francesource.org\/fr\/wp-json\/wp\/v2\/pages\/57\/revisions"}],"predecessor-version":[{"id":492,"href":"http:\/\/doc.francesource.org\/fr\/wp-json\/wp\/v2\/pages\/57\/revisions\/492"}],"wp:attachment":[{"href":"http:\/\/doc.francesource.org\/fr\/wp-json\/wp\/v2\/media?parent=57"}],"curies":[{"name":"wp","href":"https:\/\/api.w.org\/{rel}","templated":true}]}}