{"id":66,"date":"2016-05-03T09:35:17","date_gmt":"2016-05-03T07:35:17","guid":{"rendered":"http:\/\/doc.francesource.org\/fr\/?page_id=66"},"modified":"2025-09-04T17:33:43","modified_gmt":"2025-09-04T15:33:43","slug":"equipe","status":"publish","type":"page","link":"http:\/\/doc.francesource.org\/fr\/equipe","title":{"rendered":"\u00c9quipe de recherche"},"content":{"rendered":"<h3>Direction \u00e9ditoriale et scientifique: <a href=\"https:\/\/cellf.cnrs.fr\/membre\/guillaume-metayer\/\">Guillaume M\u00e9tayer<\/a><\/h3>\n<p><strong>\u00c9dition critique des \u0153uvres comp\u00e8tes d&#8217;Anatole France<\/strong>\u00a0(<a href=\"http:\/\/www.nietzschesource.org\/eKGWB\" target=\"_blank\" rel=\"noopener noreferrer\">ECAF<\/a>) : Julie Moucheron (collecte, num\u00e9risation, \u00e9dition) et Nisrine Chaabane (relecture).<\/p>\n<p><strong>Comit\u00e9 scientifique <\/strong>:<\/p>\n<p>Sophie Basch, Professeure \u00e0 Sorbonne Universit\u00e9<\/p>\n<p>Paolo D&#8217;Iorio, Directeur de recherche au CNRS (ITEM, ENS)<\/p>\n<p>Elizabeth Emery, Professeure \u00e0 Montclair University (USA)<\/p>\n<p>William Marx, Professeur au Coll\u00e8ge de France<\/p>\n<p>Pascal Ory (Acad\u00e9mie fran\u00e7aise)<\/p>\n<p>Susan Suleiman (Harvard university)<\/p>\n<p><strong>Design <\/strong>: <a href=\"http:\/\/www.netseven.it\/\" target=\"_blank\" rel=\"noopener noreferrer\">Net7<\/a><br \/><strong>Logiciel <\/strong>: <a href=\"http:\/\/www.netseven.it\/\" target=\"_blank\" rel=\"noopener noreferrer\">Net7, Pisa.<\/a><br \/><strong>Encodage des textes\u00a0<\/strong>: prof. Fabio Ciotti; Dr. Harald Saller.<br \/><strong>Num\u00e9risation\u00a0<\/strong>: Dr. \u00c9va Gr\u00e9p\u00e1ly; <a href=\"http:\/\/www.mikrounivers.de\/\" target=\"_blank\" rel=\"noopener noreferrer\">Micro-Univers GmbH<\/a>, Berlin<br \/><strong>Cadre juridique\u00a0<\/strong>: Philippe Chevet; Dr. Silke Clausing; dott. Thomas Margoni.<br \/><strong>Special Adviser\u00a0<\/strong>: Dr. Thomas Bartscherer.<\/p>\n<p><strong>Ancien collaborateurs\u00a0<\/strong>: Dr. Manuel Dries; dott. Salvatore Viola.<\/p>\n\n\n<p><\/p>\n","protected":false},"excerpt":{"rendered":"<p>Direction \u00e9ditoriale et scientifique: Guillaume M\u00e9tayer \u00c9dition critique des \u0153uvres comp\u00e8tes d&#8217;Anatole France\u00a0(ECAF) : Julie Moucheron (collecte, num\u00e9risation, \u00e9dition) et Nisrine Chaabane (relecture). Comit\u00e9 scientifique : Sophie Basch, Professeure \u00e0 Sorbonne Universit\u00e9 Paolo D&#8217;Iorio, Directeur de recherche au CNRS (ITEM, ENS) Elizabeth Emery, Professeure \u00e0 Montclair University (USA) William Marx, Professeur au Coll\u00e8ge de France &hellip; <a href=\"http:\/\/doc.francesource.org\/fr\/equipe\" class=\"more-link\">Continue reading<span class=\"screen-reader-text\"> &#8220;\u00c9quipe de recherche&#8221;<\/span><\/a><\/p>\n","protected":false},"author":1,"featured_media":0,"parent":0,"menu_order":0,"comment_status":"closed","ping_status":"closed","template":"","meta":[],"_links":{"self":[{"href":"http:\/\/doc.francesource.org\/fr\/wp-json\/wp\/v2\/pages\/66"}],"collection":[{"href":"http:\/\/doc.francesource.org\/fr\/wp-json\/wp\/v2\/pages"}],"about":[{"href":"http:\/\/doc.francesource.org\/fr\/wp-json\/wp\/v2\/types\/page"}],"author":[{"embeddable":true,"href":"http:\/\/doc.francesource.org\/fr\/wp-json\/wp\/v2\/users\/1"}],"replies":[{"embeddable":true,"href":"http:\/\/doc.francesource.org\/fr\/wp-json\/wp\/v2\/comments?post=66"}],"version-history":[{"count":9,"href":"http:\/\/doc.francesource.org\/fr\/wp-json\/wp\/v2\/pages\/66\/revisions"}],"predecessor-version":[{"id":503,"href":"http:\/\/doc.francesource.org\/fr\/wp-json\/wp\/v2\/pages\/66\/revisions\/503"}],"wp:attachment":[{"href":"http:\/\/doc.francesource.org\/fr\/wp-json\/wp\/v2\/media?parent=66"}],"curies":[{"name":"wp","href":"https:\/\/api.w.org\/{rel}","templated":true}]}}