{"id":84,"date":"2016-05-03T09:41:20","date_gmt":"2016-05-03T07:41:20","guid":{"rendered":"http:\/\/doc.francesource.org\/fr\/?page_id=84"},"modified":"2025-09-04T17:22:52","modified_gmt":"2025-09-04T15:22:52","slug":"contact","status":"publish","type":"page","link":"http:\/\/doc.francesource.org\/fr\/contact","title":{"rendered":"Contact"},"content":{"rendered":"<p><b>Guillaume M\u00e9tayer<\/b><\/p>\n<p>Centre d&#8217;\u00e9tude de la langue et des litt\u00e9ratures fran\u00e7aises (CNRS-Sorbonne Universit\u00e9)<\/p>\n<p>1, rue Victor Cousin<br \/>\n75005 Paris &#8211;&nbsp;France<\/p>\n<p>email: gme.metayer@gmail.com<\/p>\n<p>Tel.: +33 (0)1 40 46 25 35<\/p>\n","protected":false},"excerpt":{"rendered":"<p>Guillaume M\u00e9tayer Centre d&#8217;\u00e9tude de la langue et des litt\u00e9ratures fran\u00e7aises (CNRS-Sorbonne Universit\u00e9) 1, rue Victor Cousin 75005 Paris &#8211;&nbsp;France email: gme.metayer@gmail.com Tel.: +33 (0)1 40 46 25 35<\/p>\n","protected":false},"author":1,"featured_media":0,"parent":0,"menu_order":0,"comment_status":"closed","ping_status":"closed","template":"","meta":[],"_links":{"self":[{"href":"http:\/\/doc.francesource.org\/fr\/wp-json\/wp\/v2\/pages\/84"}],"collection":[{"href":"http:\/\/doc.francesource.org\/fr\/wp-json\/wp\/v2\/pages"}],"about":[{"href":"http:\/\/doc.francesource.org\/fr\/wp-json\/wp\/v2\/types\/page"}],"author":[{"embeddable":true,"href":"http:\/\/doc.francesource.org\/fr\/wp-json\/wp\/v2\/users\/1"}],"replies":[{"embeddable":true,"href":"http:\/\/doc.francesource.org\/fr\/wp-json\/wp\/v2\/comments?post=84"}],"version-history":[{"count":3,"href":"http:\/\/doc.francesource.org\/fr\/wp-json\/wp\/v2\/pages\/84\/revisions"}],"predecessor-version":[{"id":493,"href":"http:\/\/doc.francesource.org\/fr\/wp-json\/wp\/v2\/pages\/84\/revisions\/493"}],"wp:attachment":[{"href":"http:\/\/doc.francesource.org\/fr\/wp-json\/wp\/v2\/media?parent=84"}],"curies":[{"name":"wp","href":"https:\/\/api.w.org\/{rel}","templated":true}]}}