{"id":88,"date":"2016-05-03T09:43:41","date_gmt":"2016-05-03T07:43:41","guid":{"rendered":"http:\/\/doc.francesource.org\/fr\/?page_id=88"},"modified":"2025-09-04T17:23:49","modified_gmt":"2025-09-04T15:23:49","slug":"ec","status":"publish","type":"page","link":"http:\/\/doc.francesource.org\/fr\/ec","title":{"rendered":"\u00c9dition critique des \u0153uvres compl\u00e8tes d&#8217;Anatole France (ECAF)"},"content":{"rendered":"<p style=\"font-weight: 400;\">L&#8217;\u00e9dition critique des \u0153uvres compl\u00e8tes d&#8217;Anatole France (ECAF) publi\u00e9e sur <strong>France source<\/strong> sous la direction de <a href=\"https:\/\/cellf.cnrs.fr\/membre\/guillaume-metayer\/\">Guillaume M\u00e9tayer<\/a> constitue la premi\u00e8re \u00e9dition compl\u00e8te et critique des \u0153uvres d\u2019Anatole France (1844-1924).<\/p>\n<p style=\"font-weight: 400;\">Cette publication met \u00e0 la disposition du public\u00a0:<\/p>\n<p style=\"font-weight: 400;\">1) les <strong>volumes<\/strong> publi\u00e9s de son vivant par l\u2019\u00e9crivain, y compris les diff\u00e9rentes versions corrig\u00e9es d&#8217;un m\u00eame livre ;<\/p>\n<p style=\"font-weight: 400;\">2) l&#8217;int\u00e9gralit\u00e9 de ses <strong>articles<\/strong> parus dans les p\u00e9riodiques dont un grand nombre n&#8217;avaient jamais \u00e9t\u00e9 republi\u00e9s depuis leur premi\u00e8re parution \u00a0;<\/p>\n<p style=\"font-weight: 400;\">3) les nombreuses <strong>pr\u00e9faces<\/strong> qu&#8217;il a donn\u00e9es \u00e0 diff\u00e9rents ouvrages ;<\/p>\n<p style=\"font-weight: 400;\">4) divers <strong>\u00e9crits<\/strong>\u00a0;<\/p>\n<p style=\"font-weight: 400;\">5) ses <strong>discours<\/strong> publics ;<\/p>\n<p style=\"font-weight: 400;\">6) ses<strong> \u00e9crits posthumes<\/strong>, \u00e9dit\u00e9s sur la base d\u2019un manuscrit fiable.<\/p>\n<p style=\"font-weight: 400;\">\u00c0 ce classement typologique, les lecteurs peuvent pr\u00e9f\u00e9rer un classement chronologique, qui permet de suivre au plus pr\u00e8s, pour la premi\u00e8re fois, l\u2019ordre des publications de l&#8217;\u00e9crivain.<\/p>\n<p style=\"font-weight: 400;\">Quel que soit le classement choisi, les recherches de mots et d\u2019occurrences seront naturellement possibles dans l\u2019int\u00e9gralit\u00e9 du corpus de <strong>France source<\/strong>.<\/p>\n<p style=\"font-weight: 400;\">L\u2019\u00e9dition des textes est r\u00e9alis\u00e9e scientifiquement en se fondant scrupuleusement sur les \u00e9ditions originales, doubl\u00e9es, le cas \u00e9ch\u00e9ant, des \u00e9ditions revues plus tardivement par Anatole France.<\/p>\n<p style=\"font-weight: 400;\">Chaque texte publi\u00e9 est accompagn\u00e9 d\u2019une note \u00e9ditoriale, pr\u00e9cisant les lieux, dates et contextes g\u00e9n\u00e9raux de la parution, ainsi que d\u2019un appareil critique scientifique et explicatif (pr\u00e9face, notes).<\/p>\n<p style=\"font-weight: 400;\">Un outil de collection automatique des variantes sera disponible sur <strong>France source<\/strong>.<\/p>\n<p style=\"font-weight: 400;\">Cette \u00e9dition num\u00e9rique devient l&#8217;\u00e9dition de r\u00e9f\u00e9rence d&#8217;Anatole France. site France source publie \u00e9galement la <em>Revue Anatole France<\/em>, publication annuelle dont les articles se fondent sur . La revue et l\u2019\u00e9dition critique des \u0153uvres d\u2019Anatole France seront li\u00e9s par un syst\u00e8me de renvois..<\/p>\n","protected":false},"excerpt":{"rendered":"<p>L&#8217;\u00e9dition critique des \u0153uvres compl\u00e8tes d&#8217;Anatole France (ECAF) publi\u00e9e sur France source sous la direction de Guillaume M\u00e9tayer constitue la premi\u00e8re \u00e9dition compl\u00e8te et critique des \u0153uvres d\u2019Anatole France (1844-1924). Cette publication met \u00e0 la disposition du public\u00a0: 1) les volumes publi\u00e9s de son vivant par l\u2019\u00e9crivain, y compris les diff\u00e9rentes versions corrig\u00e9es d&#8217;un m\u00eame &hellip; <a href=\"http:\/\/doc.francesource.org\/fr\/ec\" class=\"more-link\">Continue reading<span class=\"screen-reader-text\"> &#8220;\u00c9dition critique des \u0153uvres compl\u00e8tes d&#8217;Anatole France (ECAF)&#8221;<\/span><\/a><\/p>\n","protected":false},"author":1,"featured_media":0,"parent":0,"menu_order":0,"comment_status":"closed","ping_status":"closed","template":"","meta":[],"_links":{"self":[{"href":"http:\/\/doc.francesource.org\/fr\/wp-json\/wp\/v2\/pages\/88"}],"collection":[{"href":"http:\/\/doc.francesource.org\/fr\/wp-json\/wp\/v2\/pages"}],"about":[{"href":"http:\/\/doc.francesource.org\/fr\/wp-json\/wp\/v2\/types\/page"}],"author":[{"embeddable":true,"href":"http:\/\/doc.francesource.org\/fr\/wp-json\/wp\/v2\/users\/1"}],"replies":[{"embeddable":true,"href":"http:\/\/doc.francesource.org\/fr\/wp-json\/wp\/v2\/comments?post=88"}],"version-history":[{"count":10,"href":"http:\/\/doc.francesource.org\/fr\/wp-json\/wp\/v2\/pages\/88\/revisions"}],"predecessor-version":[{"id":497,"href":"http:\/\/doc.francesource.org\/fr\/wp-json\/wp\/v2\/pages\/88\/revisions\/497"}],"wp:attachment":[{"href":"http:\/\/doc.francesource.org\/fr\/wp-json\/wp\/v2\/media?parent=88"}],"curies":[{"name":"wp","href":"https:\/\/api.w.org\/{rel}","templated":true}]}}