{"id":50,"date":"2016-05-03T09:29:30","date_gmt":"2016-05-03T07:29:30","guid":{"rendered":"http:\/\/doc.francesource.org\/it\/?page_id=50"},"modified":"2022-12-05T12:07:03","modified_gmt":"2022-12-05T11:07:03","slug":"istituzioni","status":"publish","type":"page","link":"http:\/\/doc.francesource.org\/it\/istituzioni","title":{"rendered":"Istituzioni e finanziamenti"},"content":{"rendered":"<p><strong>Nietzsche Source \u00e8 stato sostenuto dalle seguenti istituzioni:<\/strong><\/p>\n<p><a href=\"http:\/\/www.cnrs.fr\/\" target=\"_blank\" rel=\"noopener noreferrer\"><img loading=\"lazy\" class=\"alignleft wp-image-167 size-full\" src=\"http:\/\/doc.francesource.org\/wp-content\/uploads\/2016\/05\/cnrs.png\" alt=\"cnrs\" width=\"110\" height=\"58\" \/><\/a>Il <a href=\"http:\/\/www.cnrs.fr\/\" target=\"_blank\" rel=\"noopener noreferrer\">Centre National de la Recherche Scientifique<\/a> ha sostenuto Nietzsche Source mettendo a disposizione personale, locali e strumenti scientifici fin dal 1999 presso l&#8217;<a href=\"http:\/\/www.item.ens.fr\/\" target=\"_blank\" rel=\"noopener noreferrer\">Institut des Textes et Manuscrits Modernes<\/a>, CNRS-ENS, Paris e dal 2008 al 2011 presso la <a href=\"http:\/\/www.mfo.ac.uk\/\" target=\"_blank\" rel=\"noopener noreferrer\">Maison Fra\u00e7aise d\u2019Oxford<\/a>, CNRS-MAEE, Oxford. Il CNRS ha inoltre attribuito al progetto due finanziamenti specifici nell\u2019ambito dei programmi <em>Aides \u00e0 Projet Nouveau<\/em>(2000, direttore: Paolo D\u2019Iorio) e <em>GIS Sciences de la cognition<\/em> (1998-1999, direttori: Paolo D\u2019Iorio e Bill Turner) e, nella fase iniziale, nell\u2019ambito del programma tematico <em>Archives de la cr\u00e9ation<\/em> (1998-1999, direttore: Daniel Ferrer).<\/p>\n<p><a href=\"http:\/\/www.discovery-project.eu\/home.html\" target=\"_blank\" rel=\"noopener noreferrer\"><img loading=\"lazy\" class=\"alignleft wp-image-166 size-full\" src=\"http:\/\/doc.francesource.org\/wp-content\/uploads\/2016\/05\/EU.png\" alt=\"EU\" width=\"110\" height=\"58\" \/><\/a>La Commissione Europea, nell\u2019ambito del programma eContentplus, ha finanziato dal 2007 al 2009 il <a href=\"http:\/\/www.discovery-project.eu\/\" target=\"_blank\" rel=\"noopener noreferrer\">progetto Discovery<\/a> \u2013 Digital Semantic Corpora for Virtual Research in Philosophy, formato da 6 partner istituzionali e coordinato da Paolo D\u2019Iorio\u00a0e il\u00a0<a href=\"http:\/\/www.projectagora.org\/\" target=\"_blank\" rel=\"noopener noreferrer\">progetto Agora<\/a>\u00a0\u2014 Scholarly Open Access Research in European Philosophy \u2014 dal 2011 al 2013.<\/p>\n<p><a href=\"http:\/\/www.klassik-stiftung.de\/start\/\" target=\"_blank\" rel=\"noopener noreferrer\"><img loading=\"lazy\" class=\"alignleft wp-image-165 size-full\" src=\"http:\/\/doc.francesource.org\/wp-content\/uploads\/2016\/05\/weimar.png\" alt=\"weimar\" width=\"110\" height=\"49\" \/><\/a>La <a href=\"http:\/\/www.klassik-stiftung.de\/forschung\/digitale-dokumente\/digitalisierte-bestaende\/nachlass-friedrich-nietzsche-dfga\/\" target=\"_blank\" rel=\"noopener noreferrer\">Klassik Stiftung Weimar<\/a>, una delle pi\u00f9 importanti istituzioni culturali tedesche, ha firmato una convenzione con l&#8217;<em>Association HyperNietzsche<\/em>\u00a0per la digitalizzazione e la pubblicazione su Internet di tutti i documenti relativi alla vita e all\u2019opera di Friedrich Nietzsche conservati a Weimar. In questo accordo senza precedenti sono compresi manoscritti, lettere, documenti biografici, prime edizioni delle opere, nonch\u00e9 i volumi facenti parte della biblioteca personale di Nietzsche. La <em>Stiftung<\/em> e Nietzsche Source condividono il duplice obiettivo di sostenere la ricerca e di accrescere il valore scientifico dei materiali d\u2019archivio.<\/p>\n<p><img loading=\"lazy\" class=\" wp-image-394 alignleft\" src=\"http:\/\/doc.francesource.org\/wp-content\/uploads\/2022\/12\/DFG-300x113.png\" alt=\"\" width=\"98\" height=\"37\" srcset=\"http:\/\/doc.francesource.org\/wp-content\/uploads\/2022\/12\/DFG-300x113.png 300w, http:\/\/doc.francesource.org\/wp-content\/uploads\/2022\/12\/DFG.png 416w\" sizes=\"(max-width: 98px) 85vw, 98px\" \/>La <a href=\"http:\/\/www.dfg.de\/\" target=\"_blank\" rel=\"noopener noreferrer\">Deutsche Forschungsgemeinschaft<\/a> ha finanziato in due fasi (2002-2004 e 2006-2007) il progetto <em>HyperNietzsche \u2013 Pilotedition f\u00fcr das Modell eines netzbasierten geisteswissenschaftlichen Editions-, Kommunikations- und Forschungshypertextes<\/em>, diretto dal Prof. Dr. <a href=\"http:\/\/www.philosophie.tu-berlin.de\/menue\/mitarbeiter\/professoren\/prof_dr_guenter_abel\/\" target=\"_blank\" rel=\"noopener noreferrer\">G\u00fcnter Abel<\/a>, TU Berlin, e da Paolo D\u2019Iorio.<br \/>\nLa DFG ha inoltre finanziato, nel periodo 2015-2018 e 2021-2023, il progetto \u201d\u201cDigitale Faksimile-Gesamtausgabe Nietzsches (<a href=\"http:\/\/gepris.dfg.de\/gepris\/projekt\/279557452\" target=\"_blank\" rel=\"noopener noreferrer\">DFGA<\/a>)\u201d diretto da\u00a0Bernhard Fischer e successivamente da Marcel Lepper, direttori dell\u2019Archivio\u00a0Goethe-Schiller\u00a0di\u00a0Weimar, in collaborazione con Paolo D\u2019Iorio.<br \/>\n<img loading=\"lazy\" class=\" wp-image-384 alignleft\" src=\"http:\/\/doc.francesource.org\/wp-content\/uploads\/2022\/12\/ANR.png\" alt=\"\" width=\"101\" height=\"50\" \/>Nel periodo 2016-2019 la <a href=\"https:\/\/gepris.dfg.de\/gepris\/projekt\/281581212\" target=\"_blank\" rel=\"noopener noreferrer\">DFG<\/a> e l\u2019<a href=\"https:\/\/anr.fr\/Projet-ANR-15-FRAL-0001\" target=\"_blank\" rel=\"noopener noreferrer\">ANR<\/a> hanno finanziato il progetto \u201cNietzsches Bibliothek. Digitale Edition und philosophischer Kommentar\u201d diretto da Paolo D\u2019Iorio e Andreas Urs Sommer (Universit\u00e0 di Friburgo).<\/p>\n<p><a href=\"https:\/\/www.humboldt-foundation.de\/web\/start.html\" target=\"_blank\" rel=\"noopener noreferrer\"><img loading=\"lazy\" class=\"alignleft wp-image-163 size-full\" src=\"http:\/\/doc.francesource.org\/wp-content\/uploads\/2016\/05\/avh.png\" alt=\"avh\" width=\"110\" height=\"58\" \/><\/a>La <a href=\"http:\/\/www.humboldt-foundation.de\/web\/start.html\" target=\"_blank\" rel=\"noopener noreferrer\">Alexander von Humboldt-Stiftung<\/a> e il Ministero della ricerca tedesco hanno attribuito a Paolo D\u2019Iorio il <a href=\"http:\/\/www.humboldt-foundation.de\/en\/Programme\/preise\/kova.htm\" target=\"_blank\" rel=\"noopener noreferrer\">premio Sofja Kovalevskaja<\/a> per il progetto <em>HyperNietzsche \u2013 Modell eines netzbasierten geisteswissenschaftlichen Editions-, Kommunikations- und Forschungshypertextes<\/em>. Il progetto \u00e8 stato realizzato dal 2001 al 2004 da un gruppo di ricerca basato alla Ludwig-Maximilians-Universit\u00e4t di Universit\u00e0 di Monaco di Baviera (professore ospitante <a href=\"http:\/\/www.anglistik.uni-muenchen.de\/personen\/emeriti\/gabler\/index.html\" target=\"_blank\" rel=\"noopener noreferrer\">Hans Walter Gabler<\/a>).<\/p>\n<p><img loading=\"lazy\" class=\"size-full wp-image-162 alignleft\" src=\"http:\/\/doc.francesource.org\/wp-content\/uploads\/2016\/05\/aci.png\" alt=\"\" width=\"110\" height=\"61\" \/>Il <a href=\"http:\/\/www.enseignementsup-recherche.gouv.fr\/\" target=\"_blank\" rel=\"noopener noreferrer\">Ministero francese della ricerca<\/a>, nell\u2019ambito della Action Concert\u00e9e Incitative \u201cJeunes chercheurs\u201d, ha finanziato dal 2001 al 2003 il progetto<em>HyperNietzsche<\/em> diretto da Paolo D\u2019Iorio.<\/p>\n<p><strong>Nietzsche Source \u00e8 il progetto pilota di due azioni di coordinazione a livello europeo:<\/strong><\/p>\n<p><a href=\"http:\/\/www.cost-a32.eu\/\" target=\"_blank\" rel=\"noopener noreferrer\"><img loading=\"lazy\" class=\"alignleft wp-image-161 size-full\" src=\"http:\/\/doc.francesource.org\/wp-content\/uploads\/2016\/05\/cost.png\" alt=\"cost\" width=\"110\" height=\"26\" \/><\/a>2006-2010 <a href=\"http:\/\/www.cost-a32.eu\/\" target=\"_blank\" rel=\"noopener noreferrer\">COST Action A32<\/a>, <em>Open Scholarly Communities on the Web<\/em>, alla quale partecipano 15 nazioni europee (ideatore e direttore fino all\u2019agosto 2008: Paolo D\u2019Iorio).<\/p>\n<p><img loading=\"lazy\" class=\"size-full wp-image-160 alignleft\" src=\"http:\/\/doc.francesource.org\/wp-content\/uploads\/2016\/05\/hl.png\" alt=\"\" width=\"110\" height=\"35\" \/><br \/>\n2004-2007 <a href=\"http:\/\/www.item.ens.fr\/index.php?id=14149\" target=\"_blank\" rel=\"noopener noreferrer\">Groupement de Recherche Europ\u00e9en<\/a> (GDREplus), <em>Hyper-Learning. Mod\u00e8les ouverts de recherche et d\u2019enseignement sur Internet<\/em>, 29 istituzioni partecipanti provenienti da 9 nazioni europee (direttore: Paolo D\u2019Iorio).<\/p>\n","protected":false},"excerpt":{"rendered":"<p>Nietzsche Source \u00e8 stato sostenuto dalle seguenti istituzioni: Il Centre National de la Recherche Scientifique ha sostenuto Nietzsche Source mettendo a disposizione personale, locali e strumenti scientifici fin dal 1999 presso l&#8217;Institut des Textes et Manuscrits Modernes, CNRS-ENS, Paris e dal 2008 al 2011 presso la Maison Fra\u00e7aise d\u2019Oxford, CNRS-MAEE, Oxford. Il CNRS ha inoltre &hellip; <a href=\"http:\/\/doc.francesource.org\/it\/istituzioni\" class=\"more-link\">Leggi tutto<span class=\"screen-reader-text\"> &#8220;Istituzioni e finanziamenti&#8221;<\/span><\/a><\/p>\n","protected":false},"author":1,"featured_media":0,"parent":0,"menu_order":0,"comment_status":"closed","ping_status":"closed","template":"","meta":[],"_links":{"self":[{"href":"http:\/\/doc.francesource.org\/it\/wp-json\/wp\/v2\/pages\/50"}],"collection":[{"href":"http:\/\/doc.francesource.org\/it\/wp-json\/wp\/v2\/pages"}],"about":[{"href":"http:\/\/doc.francesource.org\/it\/wp-json\/wp\/v2\/types\/page"}],"author":[{"embeddable":true,"href":"http:\/\/doc.francesource.org\/it\/wp-json\/wp\/v2\/users\/1"}],"replies":[{"embeddable":true,"href":"http:\/\/doc.francesource.org\/it\/wp-json\/wp\/v2\/comments?post=50"}],"version-history":[{"count":23,"href":"http:\/\/doc.francesource.org\/it\/wp-json\/wp\/v2\/pages\/50\/revisions"}],"predecessor-version":[{"id":396,"href":"http:\/\/doc.francesource.org\/it\/wp-json\/wp\/v2\/pages\/50\/revisions\/396"}],"wp:attachment":[{"href":"http:\/\/doc.francesource.org\/it\/wp-json\/wp\/v2\/media?parent=50"}],"curies":[{"name":"wp","href":"https:\/\/api.w.org\/{rel}","templated":true}]}}