{"id":70,"date":"2016-05-03T09:36:06","date_gmt":"2016-05-03T07:36:06","guid":{"rendered":"http:\/\/doc.francesource.org\/it\/?page_id=70"},"modified":"2022-12-02T10:33:55","modified_gmt":"2022-12-02T09:33:55","slug":"gruppo-di-ricerca","status":"publish","type":"page","link":"http:\/\/doc.francesource.org\/it\/gruppo-di-ricerca","title":{"rendered":"Gruppo di ricerca"},"content":{"rendered":"<h3>Direzione scientifica ed editoriale: Paolo D\u2019Iorio<\/h3>\n<p><strong>Edizione critica<\/strong> (<a href=\"http:\/\/www.nietzschesource.org\/eKGWB\" target=\"_blank\" rel=\"noopener noreferrer\">eKGWB<\/a>): Irmgard Betz, M.A.; Christian D\u00fcnisch, M.A.; Armin Schwehr, M.A.<\/p>\n<p><strong>Edizione facsimile<\/strong> (<a href=\"http:\/\/www.nietzschesource.org\/DFGA\" target=\"_blank\" rel=\"noopener noreferrer\">DFGA<\/a>):\u00a0Armin Schwehr, M.A.; Martina Fischer M.A.;\u00a0Dr. Silke Henke; Christian P\u00f6nitz M.A.; Franziska Stiebritz M.A.<\/p>\n<p><strong>Edizione genetica<\/strong>: prof. Matteo d\u2019Alfonso; Dr. Inga Gerike; Dr. Christiane Henkes; Dr. Andrew Williams; Dr. Volker Zapf.<\/p>\n<p><strong>Studia Nietzscheana<\/strong> (<a href=\"http:\/\/www.nietzschesource.org\/SN\" target=\"_blank\" rel=\"noopener noreferrer\">SN<\/a>): prof. Francisco Arenas-Dolz (Valencia), dott. Giuseppe Berardi (Pescara), dott.ssa Maria Jo\u00e3o Branco (Lisboa), D<sup>r<\/sup>\u00a0Christophe Corbier (Paris), prof.ssa Maria C. Fornari (Lecce), Sandra Y. Freregger M.A. (Wien), Sylvia M. Gorelick M.A. (New York, Paris), dott. Luca Lupo (Cosenza), Armin Schwehr M.A., (Berlin), D<sup>r<\/sup> Yannick Souladi\u00e9 (Toulouse), D<sup>re<\/sup> Isabelle Wienand (Friburg), dott.ssa Benedetta Zavatta (Lisboa).<\/p>\n<p><strong>Interfacce grafiche<\/strong>: dott. Giulio Andreini (<a href=\"http:\/\/www.netseven.it\/\" target=\"_blank\" rel=\"noopener noreferrer\">Net7<\/a>).<br \/><strong>Software<\/strong>: <a href=\"http:\/\/www.netseven.it\/\" target=\"_blank\" rel=\"noopener noreferrer\">Net7, Pisa.<\/a><br \/><strong>Codifica dei testi<\/strong>: prof. Fabio Ciotti; Dr. Harald Saller.<br \/><strong>Digitalizzazione<\/strong>: Dr. \u00c9va Gr\u00e9p\u00e1ly; <a href=\"http:\/\/www.mikrounivers.de\/\" target=\"_blank\" rel=\"noopener noreferrer\">Micro-Univers GmbH<\/a>, Berlin.<br \/><strong>Questioni giuridiche<\/strong>: Philippe Chevet; Dr. Silke Clausing; dott. Thomas Margoni.<br \/><strong>Special Adviser<\/strong>: Dr. Thomas Bartscherer.<\/p>\n<p><strong>Ex collaboratori<\/strong>\u00a0: Dr. Manuel Dries; dott. Salvatore Viola.<\/p>\n\n\n<p><\/p>\n","protected":false},"excerpt":{"rendered":"<p>Direzione scientifica ed editoriale: Paolo D\u2019Iorio Edizione critica (eKGWB): Irmgard Betz, M.A.; Christian D\u00fcnisch, M.A.; Armin Schwehr, M.A. Edizione facsimile (DFGA):\u00a0Armin Schwehr, M.A.; Martina Fischer M.A.;\u00a0Dr. Silke Henke; Christian P\u00f6nitz M.A.; Franziska Stiebritz M.A. Edizione genetica: prof. Matteo d\u2019Alfonso; Dr. Inga Gerike; Dr. Christiane Henkes; Dr. Andrew Williams; Dr. Volker Zapf. Studia Nietzscheana (SN): prof. &hellip; <a href=\"http:\/\/doc.francesource.org\/it\/gruppo-di-ricerca\" class=\"more-link\">Leggi tutto<span class=\"screen-reader-text\"> &#8220;Gruppo di ricerca&#8221;<\/span><\/a><\/p>\n","protected":false},"author":1,"featured_media":0,"parent":0,"menu_order":0,"comment_status":"closed","ping_status":"closed","template":"","meta":[],"_links":{"self":[{"href":"http:\/\/doc.francesource.org\/it\/wp-json\/wp\/v2\/pages\/70"}],"collection":[{"href":"http:\/\/doc.francesource.org\/it\/wp-json\/wp\/v2\/pages"}],"about":[{"href":"http:\/\/doc.francesource.org\/it\/wp-json\/wp\/v2\/types\/page"}],"author":[{"embeddable":true,"href":"http:\/\/doc.francesource.org\/it\/wp-json\/wp\/v2\/users\/1"}],"replies":[{"embeddable":true,"href":"http:\/\/doc.francesource.org\/it\/wp-json\/wp\/v2\/comments?post=70"}],"version-history":[{"count":7,"href":"http:\/\/doc.francesource.org\/it\/wp-json\/wp\/v2\/pages\/70\/revisions"}],"predecessor-version":[{"id":377,"href":"http:\/\/doc.francesource.org\/it\/wp-json\/wp\/v2\/pages\/70\/revisions\/377"}],"wp:attachment":[{"href":"http:\/\/doc.francesource.org\/it\/wp-json\/wp\/v2\/media?parent=70"}],"curies":[{"name":"wp","href":"https:\/\/api.w.org\/{rel}","templated":true}]}}